{"id":10,"date":"2010-06-02T13:25:16","date_gmt":"2010-06-02T13:25:16","guid":{"rendered":"http:\/\/www.wahrnehmungsraeume.at\/\/wordpress\/?page_id=10"},"modified":"2019-08-25T07:29:01","modified_gmt":"2019-08-25T07:29:01","slug":"das-symptom","status":"publish","type":"page","link":"https:\/\/www.wahrnehmungsraeume.at\/?page_id=10","title":{"rendered":"Das Symptom"},"content":{"rendered":"<p><strong>Jedes Symptom, Jede Krankheit, jede Disharmonie ist ein Alarmzeichen.<\/strong><\/p>\n<p>Ein Zeichen des K\u00f6rpers, das ernst genommen und aufgegriffen werden sollte \u2013 ein Hinweis auf dahinter liegenden Ursachen. Das Symptom dient aber auch als Wegweiser in die tieferen Schichten des Bewusstseins, denn K\u00f6rper und Geist sind eine unbedingte Einheit.<\/p>\n<p>Horchen Sie auch bei kleineren Problemen auf Ihren K\u00f6rper und geben sie ihm Bedeutung!<\/p>\n<p><strong>Das Symptom \u2013 der Wegweiser &#8211; zeigt auf den Weg der Gesundheit und dieser f\u00fchrt Sie unweigerlich zu den zentralen Fragen des Lebens.<\/strong><\/p>\n<p>Der Weg der Gesundheit bedeutet k\u00f6rperlich zu genesen, die Energie des K\u00f6rpers zu verbessern, K\u00f6rperwahrnehmung und sinnliche Wahrnehmung zu steigern, Lebenskrisen bewusst zu erleben und zu bew\u00e4ltigen.<\/p>\n<p>Er bedeutet aber auch Sinn zu finden, das Heilige des Lebens und der Natur zu entdecken und der inneren Stimme zu folge und zu verwirklichen, was m\u00f6glich ist. Auf diesem Weg werden wir die eigenen Bed\u00fcrfnisse entdecken, sie anerkennen sie befriedigen um schlie\u00dflich zu dem zu werden, was wir sind.<\/p>\n","protected":false},"excerpt":{"rendered":"<p>Jedes Symptom, Jede Krankheit, jede Disharmonie ist ein Alarmzeichen. Ein Zeichen des K\u00f6rpers, das ernst genommen und aufgegriffen werden sollte \u2013 ein Hinweis auf dahinter liegenden Ursachen. Das Symptom dient aber auch als Wegweiser in die tieferen Schichten des Bewusstseins, denn K\u00f6rper und Geist sind eine unbedingte Einheit. Horchen Sie auch bei kleineren Problemen auf [&hellip;]<\/p>\n","protected":false},"author":1,"featured_media":0,"parent":895,"menu_order":3,"comment_status":"closed","ping_status":"closed","template":"","meta":{"ngg_post_thumbnail":0},"_links":{"self":[{"href":"https:\/\/www.wahrnehmungsraeume.at\/index.php?rest_route=\/wp\/v2\/pages\/10"}],"collection":[{"href":"https:\/\/www.wahrnehmungsraeume.at\/index.php?rest_route=\/wp\/v2\/pages"}],"about":[{"href":"https:\/\/www.wahrnehmungsraeume.at\/index.php?rest_route=\/wp\/v2\/types\/page"}],"author":[{"embeddable":true,"href":"https:\/\/www.wahrnehmungsraeume.at\/index.php?rest_route=\/wp\/v2\/users\/1"}],"replies":[{"embeddable":true,"href":"https:\/\/www.wahrnehmungsraeume.at\/index.php?rest_route=%2Fwp%2Fv2%2Fcomments&post=10"}],"version-history":[{"count":12,"href":"https:\/\/www.wahrnehmungsraeume.at\/index.php?rest_route=\/wp\/v2\/pages\/10\/revisions"}],"predecessor-version":[{"id":1285,"href":"https:\/\/www.wahrnehmungsraeume.at\/index.php?rest_route=\/wp\/v2\/pages\/10\/revisions\/1285"}],"up":[{"embeddable":true,"href":"https:\/\/www.wahrnehmungsraeume.at\/index.php?rest_route=\/wp\/v2\/pages\/895"}],"wp:attachment":[{"href":"https:\/\/www.wahrnehmungsraeume.at\/index.php?rest_route=%2Fwp%2Fv2%2Fmedia&parent=10"}],"curies":[{"name":"wp","href":"https:\/\/api.w.org\/{rel}","templated":true}]}}