{"id":1116,"date":"2017-04-28T20:07:09","date_gmt":"2017-04-28T20:07:09","guid":{"rendered":"http:\/\/www.wahrnehmungsraeume.at\/?page_id=1116"},"modified":"2018-10-27T14:19:27","modified_gmt":"2018-10-27T14:19:27","slug":"eisentherapie-in-infusionsform","status":"publish","type":"page","link":"https:\/\/www.wahrnehmungsraeume.at\/?page_id=1116","title":{"rendered":"Eisentherapie"},"content":{"rendered":"<h2><strong>Eisentherapie mit Eisen-Infusionen:<\/strong><\/h2>\n<p>Eisen ist ein wichtiges Spurenelement. Es spielt bei der Blutbildung und beim Sauerstofftransport eine wesentliche Rolle.<\/p>\n<p>Heranwachsende Jugendliche, Stress, Zeitdruck, viel Arbeit ohne Pausen,\u00a0 intensiver und regelm\u00e4\u00dfiger Sport oder starke Blutungen wie bei starker Menstruationsblutung oder anderen chronischen Blutungen im K\u00f6rper f\u00fchren manchmal \u00fcber Jahre zu einem Eisenmangel, der oftmals anfangs unbemerkt bleibt.<\/p>\n<h3><strong>Symptome eines Eisenmangels:<\/strong><\/h3>\n<p>Erst Symptome wie M\u00fcdigkeit, Haarausfall, Kopfschmerzen, Schlafst\u00f6rung oder St\u00f6rungen der Zellfunktion mit Zellver\u00e4nderung (nachgewiesen mit dem Aschofftest) weisen auf einen solchen Mangel hin.<\/p>\n<p>Viel zu h\u00e4ufig wird der Eisenmangel aber erst entdeckt, wenn eine Eisenmangelan\u00e4mie sich entwickelt hat (An\u00e4mie = Blutarmut).<\/p>\n<p>Symptome im \u00dcberblick:<\/p>\n<table border=\"0\" cellspacing=\"0\" cellpadding=\"0\">\n<tbody>\n<tr>\n<td width=\"307\" valign=\"top\"><strong>Zentralnervensystem:<\/strong><\/p>\n<p>M\u00fcdigkeit, Ersch\u00f6pfung<\/p>\n<p>Benommenheit, Schwindel<\/p>\n<p>Kopfschmerzen<\/p>\n<p>Depressive Verstimmung<\/p>\n<p>Konzentrationsst\u00f6rung<\/p>\n<p>Restless Legs Syndrome<\/p>\n<p><strong>Immunsystrem<\/strong>:<\/p>\n<p>Gest\u00f6rte Immunabwehr<\/p>\n<p><strong>Muskulatur<\/strong>:<\/p>\n<p>Rasche Erm\u00fcdbarkeit<\/p>\n<p>Geringere Leistungsf\u00e4higkeit<\/td>\n<td width=\"307\" valign=\"top\"><strong>Haut und Gef\u00e4\u00dfsystem:<\/strong><\/p>\n<p>Haarausfall, eingerissene   Mundwinkel<\/p>\n<p>Br\u00fcchige N\u00e4gel<\/p>\n<p>K\u00e4lteempfindlichkeit<\/p>\n<p>Blasse Haut, Schleimh\u00e4ute   und Bindehaut<\/p>\n<p><strong>Herz-\u00a0 und   Atmungssystem:<\/strong><\/p>\n<p>Kurzatmigkeit<\/p>\n<p>Herzklopfen<\/p>\n<p><strong>Genitalbereich:<\/strong><\/p>\n<p>Menstruationsprobleme<\/p>\n<p>Verlust der Libido<\/p>\n<p>Rezidivierende Infektionen<\/td>\n<\/tr>\n<\/tbody>\n<\/table>\n<p>Die Symptome des Eisenmangels sind sehr vielf\u00e4ltig, da Eisen als lebenswichtiges Spurenelement in jeder K\u00f6rperzelle vorkommt und an vielen K\u00f6rperfunktionen beteiligt ist, wie zum Beispiel,<\/p>\n<ul>\n<li>Sauerstofftransport des Blutes<\/li>\n<li>Energiegewinnung in den Zellen und Muskelarbeit<\/li>\n<li>Eiwei\u00dfstoffwechsel<\/li>\n<li>Gehirnfunktion<\/li>\n<\/ul>\n<p>Durch die vielseitig Beteiligung von Eisen im K\u00f6rper, ist es am Anfang nicht einfach einen Eisenmangel richtig zu erkennen. Eine gro\u00dfe Hilfe dabei ist der Aschofftest, der eine Einsch\u00e4tzung gibt. Der durchgef\u00fchrte Labortest ist eine Erg\u00e4nzung und Best\u00e4tigung f\u00fcr die Diagnose.<\/p>\n<h3><strong>Ursachen eines Eisenmangels:<\/strong><\/h3>\n<p>In unserem Lebensraum ist Eisenmangel sehr verbreitet. In \u00d6sterreich ist jede 4. Frau zwischen 15 und 50 betroffen. Bei M\u00e4nnern tritt ein Mangel im h\u00f6heren Alter auf. Zeitdruck, Stress oder auch bei Sportlern kann auch bei j\u00fcngeren M\u00e4nnern zu einem Eisenmangel f\u00fchren.<\/p>\n<p>Die Dunkelziffer der Menschen mit Eisenmangel scheint jedoch h\u00f6her zu liegen.<\/p>\n<p>Ursachen im \u00dcberblick:<\/p>\n<table border=\"0\" cellspacing=\"0\" cellpadding=\"0\">\n<tbody>\n<tr>\n<td width=\"307\" valign=\"top\"><strong>Erh\u00f6hter Bedarf:<\/strong><\/p>\n<p>Schwangerschaft, Stillzeit<\/p>\n<p>Wachstum, Entwicklung bei   Jugendlichen<\/p>\n<p>Leistungssport<\/p>\n<p>Regelm\u00e4ssiges Blutspenden<\/p>\n<p><strong>Hoher Blutverlust:<\/strong><\/p>\n<p>Nach einer Geburt<\/p>\n<p>Starke Regelblutung<\/p>\n<p>Chronische Blutungen \u2013 z.B.   im Magen-Darm-Trakt<\/p>\n<p>Nach einer blutreichen   Operation<\/p>\n<p>Unfall oder Verletzung<\/td>\n<td width=\"307\" valign=\"top\"><strong>Mangelnde Eisenaufnahme:<\/strong><\/p>\n<p>Unausgewogene Ern\u00e4hrung<\/p>\n<p>Vegetarische Ern\u00e4hrung<\/p>\n<p>Einnahme von S\u00e4urehemmern   (Magenschutz)<\/p>\n<p>Nach einer Magenoperation<\/p>\n<p>Nahrungsmittelunvertr\u00e4glichkeiten,   wie z.B. Z\u00f6liakie<\/p>\n<p><strong>Chronische Erkrankungen:<\/strong><\/p>\n<p>Magen-Darm-Entz\u00fcndungen, wie   z.B Morbus Crohn, Colitis ulcerosa<\/p>\n<p>Chronische Herzerkrankung<\/p>\n<p>Krebserkrankung<\/p>\n<p>Nierenfunktionsst\u00f6rung<\/p>\n<p>Autoimmunerkrankung<\/td>\n<\/tr>\n<\/tbody>\n<\/table>\n<h3><strong>Diagnose eines Eisenmangels:<\/strong><\/h3>\n<p>Um einen Eisenmangel beurteilen zu k\u00f6nnen sind folgende Labor-Parameter zu bestimmen:<\/p>\n<p>Plasma Eisen \u2013 Ferritin \u2013 Transferrin &#8211; Transferrin-S\u00e4ttigung \u2013 evtl. Transferrin-Rezeptoren &#8211;<\/p>\n<p>Leberfunktionsparameter, BSG, CRP, Ery, Hb, Hk, Hypochromie, MCV<\/p>\n<p>Die wichtigen Blutparameter:<\/p>\n<p>Ferritin \u2013 unterer Grenzwert 30 ng\/ml<\/p>\n<p>Transferrins\u00e4ttigung \u2013 unterer Grenzwert 20%<\/p>\n<h3><strong>Die Therapie eines Eisenmangels:<\/strong><\/h3>\n<p>Wir verabreichen Eisen\u00a0 in unserer Praxis seit fast 20 Jahren als Infusion. Das Eisenpr\u00e4parat der Firma Vifor Pharma hat es m\u00f6glich gemacht, dass Eiseninfusionen nebenwirkungsfrei und sicher mit einer hohen Effektivit\u00e4t verabreicht werden k\u00f6nnen. Wir hatten in all den Jahren keine Nebenwirkungen. Ein gelegentlich auftretender Kopfdruck und ein noch seltener auftretendes flaues Gef\u00fchl im Bauch verschwand nach Infusionsende.<\/p>\n<p>Die orale Eisengabe f\u00fchren wir nur bei einem sehr leichten Eisenmangel\u00a0 durch, da die Aufnahme \u00fcber den Darm ungewiss und gering ist.<\/p>\n<p>Eine Ern\u00e4hrungsumstellung erg\u00e4nzt eine Eisentherapie.<\/p>\n<p>Drei Tage nach Eiseninfusion ist eine sp\u00fcrbare Leistungssteigerung zu bemerken.<\/p>\n<h3><strong>Verschiedene Nahrungsmittel nach Eisengehalt geordnet:<\/strong><\/h3>\n<p><strong> <\/strong><\/p>\n<table border=\"0\" cellspacing=\"0\" cellpadding=\"0\">\n<tbody>\n<tr>\n<td width=\"307\" valign=\"top\"><strong>Eisenhaltiges Fleisch:<\/strong><\/p>\n<p>Schweineleber\u00a0\u00a0\u00a0 22,1 mg\/100g<\/p>\n<p>Kalbsleber\u00a0\u00a0\u00a0\u00a0\u00a0\u00a0\u00a0\u00a0\u00a0\u00a0\u00a0\u00a0\u00a0\u00a0\u00a0\u00a0\u00a0\u00a0\u00a0\u00a0\u00a0\u00a0\u00a0\u00a0\u00a0\u00a0 7,9<\/p>\n<p>Rinderleber\u00a0\u00a0\u00a0\u00a0\u00a0\u00a0\u00a0\u00a0\u00a0\u00a0\u00a0\u00a0\u00a0\u00a0\u00a0\u00a0\u00a0\u00a0\u00a0\u00a0\u00a0\u00a0\u00a0\u00a0 7,1<\/p>\n<p>Putenfleisch\u00a0\u00a0\u00a0\u00a0\u00a0\u00a0\u00a0\u00a0\u00a0\u00a0\u00a0\u00a0\u00a0\u00a0\u00a0\u00a0\u00a0\u00a0\u00a0\u00a0\u00a0\u00a0\u00a0 3<\/p>\n<p>Rindfleisch\u00a0\u00a0\u00a0\u00a0\u00a0\u00a0\u00a0\u00a0\u00a0\u00a0\u00a0\u00a0\u00a0\u00a0\u00a0\u00a0\u00a0\u00a0\u00a0\u00a0\u00a0\u00a0\u00a0\u00a0\u00a0 2,9<\/p>\n<p>Gefl\u00fcgel\u00a0\u00a0\u00a0\u00a0\u00a0\u00a0\u00a0\u00a0\u00a0\u00a0\u00a0\u00a0\u00a0\u00a0\u00a0\u00a0\u00a0\u00a0\u00a0\u00a0\u00a0\u00a0\u00a0\u00a0\u00a0\u00a0\u00a0\u00a0\u00a0\u00a0 2,6<\/td>\n<td width=\"307\" valign=\"top\"><strong>Eisenhaltiger Fisch:<\/strong><\/p>\n<p>Austern  5,8 mg\/100g<\/p>\n<p>Thunfisch\u00a0\u00a0\u00a0\u00a0\u00a0\u00a0\u00a0\u00a0\u00a0\u00a0\u00a0\u00a0\u00a0 1,2<\/p>\n<p>Lachs\u00a0\u00a0\u00a0\u00a0\u00a0\u00a0\u00a0\u00a0\u00a0\u00a0\u00a0\u00a0\u00a0\u00a0\u00a0\u00a0\u00a0\u00a0\u00a0\u00a0 0,7<\/p>\n<p><strong> <\/strong><\/td>\n<\/tr>\n<tr>\n<td width=\"307\" valign=\"top\"><strong>Eisenh\u00e4ltiges Gem\u00fcse:<\/strong><\/p>\n<p>Linsen\u00a0\u00a0\u00a0\u00a0\u00a0\u00a0\u00a0\u00a0\u00a0\u00a0\u00a0\u00a0\u00a0\u00a0\u00a0\u00a0\u00a0\u00a0 6,9<\/p>\n<p>Wei\u00dfe Bohnen\u00a0\u00a0\u00a0\u00a0 6<\/p>\n<p>Erbsen\u00a0\u00a0\u00a0\u00a0\u00a0\u00a0\u00a0\u00a0\u00a0\u00a0\u00a0\u00a0\u00a0\u00a0\u00a0\u00a0\u00a0\u00a0 5<\/p>\n<p>Spinat\u00a0\u00a0\u00a0\u00a0\u00a0\u00a0\u00a0\u00a0\u00a0\u00a0\u00a0\u00a0\u00a0\u00a0\u00a0\u00a0\u00a0\u00a0\u00a0\u00a0\u00a0\u00a0\u00a0\u00a0\u00a0\u00a0\u00a0\u00a0\u00a0\u00a0\u00a0\u00a0\u00a0\u00a0 3,5<\/p>\n<p>Rote R\u00fcben\u00a0\u00a0\u00a0\u00a0\u00a0\u00a0\u00a0\u00a0\u00a0\u00a0\u00a0\u00a0\u00a0\u00a0\u00a0\u00a0\u00a0\u00a0\u00a0\u00a0\u00a0\u00a0\u00a0\u00a0\u00a0 0,8<\/td>\n<td width=\"307\" valign=\"top\"><strong>Eisenhaltiges Obst:<\/strong><\/p>\n<p>Aprikosen\u00a0\u00a0\u00a0\u00a0\u00a0\u00a0\u00a0\u00a0\u00a0\u00a0\u00a0\u00a0\u00a0\u00a0\u00a0\u00a0\u00a0\u00a0\u00a0\u00a0\u00a0\u00a0\u00a0\u00a0\u00a0\u00a0\u00a0\u00a0\u00a0\u00a0\u00a0\u00a0\u00a0\u00a0\u00a0\u00a0\u00a0\u00a0\u00a0\u00a0\u00a0\u00a0\u00a0 3,8<\/p>\n<p>Schwarze Johannisbeere\u00a0 1, 3<\/p>\n<p><strong> <\/strong><\/td>\n<\/tr>\n<tr>\n<td width=\"307\" valign=\"top\"><strong>Eisenhaltiges   Getreide:<\/strong><\/p>\n<p>Weizenkleie\u00a0\u00a0\u00a0\u00a0\u00a0\u00a0\u00a0 16<\/p>\n<p>Hirse\u00a0\u00a0\u00a0\u00a0\u00a0 5,9<\/p>\n<p>Haferflocken\u00a0\u00a0\u00a0\u00a0\u00a0\u00a0\u00a0 4,6<\/td>\n<td width=\"307\" valign=\"top\"><strong>Sonstiges:<\/strong><\/p>\n<p>Kardamom\u00a0\u00a0\u00a0\u00a0\u00a0\u00a0\u00a0\u00a0\u00a0\u00a0\u00a0 100<\/p>\n<p>Petersilie\u00a0\u00a0\u00a0\u00a0\u00a0\u00a0\u00a0\u00a0\u00a0\u00a0\u00a0\u00a0\u00a0 97,8<\/p>\n<p>Gr\u00fcne Minze\u00a0\u00a0\u00a0\u00a0\u00a0\u00a0\u00a0 87,5<\/p>\n<p>Zimt\u00a0\u00a0\u00a0\u00a0\u00a0\u00a0\u00a0 38,1<\/p>\n<p>Ingwer\u00a0\u00a0 11,1<\/td>\n<\/tr>\n<\/tbody>\n<\/table>\n","protected":false},"excerpt":{"rendered":"<p>Eisentherapie mit Eisen-Infusionen: Eisen ist ein wichtiges Spurenelement. Es spielt bei der Blutbildung und beim Sauerstofftransport eine wesentliche Rolle. Heranwachsende Jugendliche, Stress, Zeitdruck, viel Arbeit ohne Pausen,\u00a0 intensiver und regelm\u00e4\u00dfiger Sport oder starke Blutungen wie bei starker Menstruationsblutung oder anderen chronischen Blutungen im K\u00f6rper f\u00fchren manchmal \u00fcber Jahre zu einem Eisenmangel, der oftmals anfangs unbemerkt [&hellip;]<\/p>\n","protected":false},"author":4,"featured_media":0,"parent":16,"menu_order":4,"comment_status":"closed","ping_status":"closed","template":"","meta":{"ngg_post_thumbnail":0},"_links":{"self":[{"href":"https:\/\/www.wahrnehmungsraeume.at\/index.php?rest_route=\/wp\/v2\/pages\/1116"}],"collection":[{"href":"https:\/\/www.wahrnehmungsraeume.at\/index.php?rest_route=\/wp\/v2\/pages"}],"about":[{"href":"https:\/\/www.wahrnehmungsraeume.at\/index.php?rest_route=\/wp\/v2\/types\/page"}],"author":[{"embeddable":true,"href":"https:\/\/www.wahrnehmungsraeume.at\/index.php?rest_route=\/wp\/v2\/users\/4"}],"replies":[{"embeddable":true,"href":"https:\/\/www.wahrnehmungsraeume.at\/index.php?rest_route=%2Fwp%2Fv2%2Fcomments&post=1116"}],"version-history":[{"count":10,"href":"https:\/\/www.wahrnehmungsraeume.at\/index.php?rest_route=\/wp\/v2\/pages\/1116\/revisions"}],"predecessor-version":[{"id":1251,"href":"https:\/\/www.wahrnehmungsraeume.at\/index.php?rest_route=\/wp\/v2\/pages\/1116\/revisions\/1251"}],"up":[{"embeddable":true,"href":"https:\/\/www.wahrnehmungsraeume.at\/index.php?rest_route=\/wp\/v2\/pages\/16"}],"wp:attachment":[{"href":"https:\/\/www.wahrnehmungsraeume.at\/index.php?rest_route=%2Fwp%2Fv2%2Fmedia&parent=1116"}],"curies":[{"name":"wp","href":"https:\/\/api.w.org\/{rel}","templated":true}]}}