{"id":14,"date":"2010-06-02T13:26:27","date_gmt":"2010-06-02T13:26:27","guid":{"rendered":"http:\/\/www.wahrnehmungsraeume.at\/\/wordpress\/?page_id=14"},"modified":"2022-09-11T13:22:02","modified_gmt":"2022-09-11T13:22:02","slug":"das-medizinrad","status":"publish","type":"page","link":"https:\/\/www.wahrnehmungsraeume.at\/?page_id=14","title":{"rendered":"Das Medizinrad"},"content":{"rendered":"<p><a href=\"http:\/\/www.wahrnehmungsraeume.at\/wp-content\/uploads\/2022\/09\/20220715_072904-3-scaled-e1662902063496.jpg\"><img decoding=\"async\" loading=\"lazy\" class=\"alignnone  wp-image-1701\" src=\"http:\/\/www.wahrnehmungsraeume.at\/wp-content\/uploads\/2022\/09\/20220715_072904-3-300x225.jpg\" alt=\"\" width=\"155\" height=\"116\" \/> <\/a><a href=\"http:\/\/www.wahrnehmungsraeume.at\/wp-content\/uploads\/2022\/09\/Medizinrad-home-mitte-e1662902162831.jpg\"><img decoding=\"async\" loading=\"lazy\" class=\"alignnone  wp-image-1778\" src=\"http:\/\/www.wahrnehmungsraeume.at\/wp-content\/uploads\/2022\/09\/Medizinrad-home-mitte-300x200.jpg\" alt=\"\" width=\"174\" height=\"116\" \/><\/a> <a href=\"http:\/\/www.wahrnehmungsraeume.at\/wp-content\/uploads\/2022\/09\/IMG_1661-scaled-e1662902275152.jpg\"><img decoding=\"async\" loading=\"lazy\" class=\"alignnone  wp-image-1777\" src=\"http:\/\/www.wahrnehmungsraeume.at\/wp-content\/uploads\/2022\/09\/IMG_1661-300x200.jpg\" alt=\"\" width=\"175\" height=\"117\" \/>\u00a0\u00a0<\/a><\/p>\n\n\n<p><\/p>\n\n\n\n<div style=\"height:20px\" aria-hidden=\"true\" class=\"wp-block-spacer\"><\/div>\n\n\n\n<p>Das Medizinrad steht f\u00fcr den Kosmos und das Leben und kommt in vielen alten (und gegenw\u00e4rtigen) Kulturen, wie z.B. bei den Kelten, den Germanen, den Indianern Nord- , Mittel &#8211; und S\u00fcdamerikas, den Schamanen Afrikas oder den Aborigenes vor.<\/p>\n\n\n\n<p><strong>Es ist ein Symbol f\u00fcr das Universum, ein Abbild der Welt um uns herum und Spiegel unserer eigenen, inneren Welt.<\/strong><\/p>\n\n\n\n<p>Das Medizinrad repr\u00e4sentiert die 4 gro\u00dfen Bereiche des Lebens: K\u00f6rper, Psyche Geist, Spirit und zeigt auf, welche Bereiche ihres Lebens ihnen bekannt und gut ausgepr\u00e4gt sind und welche vernachl\u00e4ssigt sind.<\/p>\n\n\n\n<p>Einer der wichtigsten Aspekte des Medizinrades ist die Bewegung. In unserem Leben, in jedem Jahr, an jedem Tag, ja sogar bei jeder Entscheidung kommen wir in Kontakt mit jedem Bereich des Rades. Wir bewegen uns stetig entlang des Rades. Kommen wir zum Stillstand, entsteht Krankheit. Dieses sehr einfache und komplette Modell des Lebens gilt in unserer Kultur und in unserer Zeit genau so, wie es immer schon G\u00fcltigkeit hatte.<\/p>\n\n\n\n<p>Hinter unseren k\u00f6rperlichen Organfunktionen, Stoffwechselprozessen oder Hormonproduktionen stehen energetische Zust\u00e4nde.<\/p>\n\n\n\n<p>Wir nennen diese Energie, die diese Prozesse m\u00f6glich macht, Lebensenergie (Qi, Prana,&#8230;). Diese kann den vier Bereichen des Medizinrades zugeordnet werden:.<\/p>\n\n\n\n<p>So haben wir ein k\u00f6rperlich\/\u00e4therisches \u2013 mentales \u2013 emotionales und spirituelles Energiefeld.<\/p>\n\n\n\n<p>Unser Energiesystem, das sich im Medizinrad widerspiegelt, enth\u00e4lt ein Archiv unserer pers\u00f6nlichen Erinnerungen, unserer fr\u00fchkindlichen Traumata (Schockerlebnisse), ja sogar unserer schmerzlichen Wunden aus der Zeit des Mutterbauchs und der Geburt (die Geburt ist die erste gro\u00dfe Krise unseres Lebens) und fr\u00fcherer Leben.<\/p>\n\n\n\n<p>Die sehr fr\u00fch entstandenen Muster nennen wir Ur-Muster. Diese Aufzeichnungen oder Eindr\u00fccke sind in voller Lebendigkeit und Gef\u00fchlsintensit\u00e4t gespeichert. Sie gleichen Computerprogrammen, die uns zu bestimmten Gewohnheiten, Beziehungen, Unf\u00e4llen und Krankheiten zwingen, die der urspr\u00fcnglichen Verletzung entsprechen. Unsere pers\u00f6nliche Geschichte wiederholt sich so immer wieder. Sie f\u00fchren uns aber gleichzeitig an die Situationen heran, in denen wir unsere uralten Seelenwunden heilen k\u00f6nnen.<\/p>\n\n\n\n<p><strong>Die Entdeckung, die Reinigung und die gleichwertige Verwendung der Bereiche des Medizinrades und ihrer dazugeh\u00f6rigen Energiesysteme, f\u00fchren zu mehr Gesundheit. und erh\u00f6ht unsere Lebensqualit\u00e4t.<\/strong><\/p>\n","protected":false},"excerpt":{"rendered":"<p>\u00a0\u00a0 Das Medizinrad steht f\u00fcr den Kosmos und das Leben und kommt in vielen alten (und gegenw\u00e4rtigen) Kulturen, wie z.B. bei den Kelten, den Germanen, den Indianern Nord- , Mittel &#8211; und S\u00fcdamerikas, den Schamanen Afrikas oder den Aborigenes vor. Es ist ein Symbol f\u00fcr das Universum, ein Abbild der Welt um uns herum und [&hellip;]<\/p>\n","protected":false},"author":1,"featured_media":0,"parent":895,"menu_order":2,"comment_status":"closed","ping_status":"closed","template":"","meta":{"ngg_post_thumbnail":0},"_links":{"self":[{"href":"https:\/\/www.wahrnehmungsraeume.at\/index.php?rest_route=\/wp\/v2\/pages\/14"}],"collection":[{"href":"https:\/\/www.wahrnehmungsraeume.at\/index.php?rest_route=\/wp\/v2\/pages"}],"about":[{"href":"https:\/\/www.wahrnehmungsraeume.at\/index.php?rest_route=\/wp\/v2\/types\/page"}],"author":[{"embeddable":true,"href":"https:\/\/www.wahrnehmungsraeume.at\/index.php?rest_route=\/wp\/v2\/users\/1"}],"replies":[{"embeddable":true,"href":"https:\/\/www.wahrnehmungsraeume.at\/index.php?rest_route=%2Fwp%2Fv2%2Fcomments&post=14"}],"version-history":[{"count":33,"href":"https:\/\/www.wahrnehmungsraeume.at\/index.php?rest_route=\/wp\/v2\/pages\/14\/revisions"}],"predecessor-version":[{"id":1792,"href":"https:\/\/www.wahrnehmungsraeume.at\/index.php?rest_route=\/wp\/v2\/pages\/14\/revisions\/1792"}],"up":[{"embeddable":true,"href":"https:\/\/www.wahrnehmungsraeume.at\/index.php?rest_route=\/wp\/v2\/pages\/895"}],"wp:attachment":[{"href":"https:\/\/www.wahrnehmungsraeume.at\/index.php?rest_route=%2Fwp%2Fv2%2Fmedia&parent=14"}],"curies":[{"name":"wp","href":"https:\/\/api.w.org\/{rel}","templated":true}]}}