{"id":1423,"date":"2021-05-09T17:32:02","date_gmt":"2021-05-09T17:32:02","guid":{"rendered":"http:\/\/www.wahrnehmungsraeume.at\/?page_id=1423"},"modified":"2021-05-09T17:44:01","modified_gmt":"2021-05-09T17:44:01","slug":"mesotherapie","status":"publish","type":"page","link":"https:\/\/www.wahrnehmungsraeume.at\/?page_id=1423","title":{"rendered":"Mesotherapie"},"content":{"rendered":"\n<p>Die Mesotherapie ist eine Injektionstechnik, die mit \u00e4u\u00dferst d\u00fcnnen Nadeln und Spritzen durchgef\u00fchrt wird. Sie stellt eine Symbiose aus der Medikamentenlehre, der Akkupunktur und der Neuraltherapie dar. Das Ziel f\u00fcr die Mesotherapeuten ist die genaue Kenntnis der Haut und ihrer immunologischen, immunmodulierenden, neurovegetativen und mikrozirkulatorischen Funktion, denn sie ist das Ziel des therapeutischen Eingriffs. In ihr werden die injizierten Substanzen deponiert.<\/p>\n\n\n\n<p>Die Mesotherapie benutzt die Haut um die lokale und generelle Abwehr zu erh\u00f6hen. Hierbei werden verd\u00fcnnte Stoffe intracutan (in die Haut) gegeben und die Immunlage der Patienten kann gest\u00e4rkt werden. Die Hauptaufgabe bei der immunmodulierenden Wirkung ist die Induktion zellvermittelter Immunantworten. Das spezifische und unspezifische Immunsystem kann stimmuliert werden. Die Verbindung von der Haut zu den \u00fcbrigen Organen des Immunsystems wird dabei ausgenutzt.<\/p>\n\n\n\n<p>Die Haut ist ein hervorragendes Medium zur Aufnahme von niedrig dosierten N\u00e4hrstoffen, hom\u00f6opathischer und allopathischer Arzneimittelmischungen. Im Gegensatz zur normalen Injektion (Impfungen, Infiltrationen, Infusionen) werden besonders kurze (3-12mm) Nadeln verwendet.<\/p>\n\n\n\n<p><\/p>\n\n\n\n<p><\/p>\n","protected":false},"excerpt":{"rendered":"<p>Die Mesotherapie ist eine Injektionstechnik, die mit \u00e4u\u00dferst d\u00fcnnen Nadeln und Spritzen durchgef\u00fchrt wird. Sie stellt eine Symbiose aus der Medikamentenlehre, der Akkupunktur und der Neuraltherapie dar. Das Ziel f\u00fcr die Mesotherapeuten ist die genaue Kenntnis der Haut und ihrer immunologischen, immunmodulierenden, neurovegetativen und mikrozirkulatorischen Funktion, denn sie ist das Ziel des therapeutischen Eingriffs. In [&hellip;]<\/p>\n","protected":false},"author":4,"featured_media":0,"parent":16,"menu_order":7,"comment_status":"closed","ping_status":"closed","template":"","meta":{"ngg_post_thumbnail":0},"_links":{"self":[{"href":"https:\/\/www.wahrnehmungsraeume.at\/index.php?rest_route=\/wp\/v2\/pages\/1423"}],"collection":[{"href":"https:\/\/www.wahrnehmungsraeume.at\/index.php?rest_route=\/wp\/v2\/pages"}],"about":[{"href":"https:\/\/www.wahrnehmungsraeume.at\/index.php?rest_route=\/wp\/v2\/types\/page"}],"author":[{"embeddable":true,"href":"https:\/\/www.wahrnehmungsraeume.at\/index.php?rest_route=\/wp\/v2\/users\/4"}],"replies":[{"embeddable":true,"href":"https:\/\/www.wahrnehmungsraeume.at\/index.php?rest_route=%2Fwp%2Fv2%2Fcomments&post=1423"}],"version-history":[{"count":5,"href":"https:\/\/www.wahrnehmungsraeume.at\/index.php?rest_route=\/wp\/v2\/pages\/1423\/revisions"}],"predecessor-version":[{"id":1428,"href":"https:\/\/www.wahrnehmungsraeume.at\/index.php?rest_route=\/wp\/v2\/pages\/1423\/revisions\/1428"}],"up":[{"embeddable":true,"href":"https:\/\/www.wahrnehmungsraeume.at\/index.php?rest_route=\/wp\/v2\/pages\/16"}],"wp:attachment":[{"href":"https:\/\/www.wahrnehmungsraeume.at\/index.php?rest_route=%2Fwp%2Fv2%2Fmedia&parent=1423"}],"curies":[{"name":"wp","href":"https:\/\/api.w.org\/{rel}","templated":true}]}}