{"id":1706,"date":"2022-09-07T18:49:10","date_gmt":"2022-09-07T18:49:10","guid":{"rendered":"http:\/\/www.wahrnehmungsraeume.at\/?page_id=1706"},"modified":"2025-05-23T05:48:08","modified_gmt":"2025-05-23T05:48:08","slug":"meditations-und-stille-retreat-seminar","status":"publish","type":"page","link":"https:\/\/www.wahrnehmungsraeume.at\/?page_id=1706","title":{"rendered":"Meditations- und Stille Retreat \u2013 Seminar"},"content":{"rendered":"\n<h3 class=\"wp-block-heading\">FINDE DIE STILLE IN DIR &#8211; ein tiefer Transformationsprozess in der Natur hin zu deinem wahren Sein.<\/h3>\n\n\n\n<p>Du hast geschrien, gew\u00fctet, getobt. Schwelende Eiterbeulen sind aufgebrochen und beginnen abzuheilen. Es ist Zeit, still zu werden. Ruhig zu werden. Die Aufmerksamkeit ganz nach innen zu bringen. Nichts mehr los haben und ver\u00e4ndert haben zu wollen. Nur mehr beobachten und auftauchen lassen, was da ist. Die Fortsetzung eines Reinigungsprozesses auf der n\u00e4chsten, einer feineren, Ebene &#8211; oder der Prozess beginnt hier. Klarheit stellt sich ein in Gedanken, dann im Handeln.<\/p>\n\n\n\n<p>Das ist unsere tiefe Sehnsucht: innere Freiheit. Mut kommt dazu und macht die Wandlung m\u00f6glich. Das Herz wird weit und offen und kann sich zeigen. Ein Prozess der \u00d6ffnung findet statt f\u00fcr den Teil von dir, der \u00fcber alle Grenzen hinausgeht und schon immer da war. Heitere Gelassenheit, tiefer Friede und ein Bezug zur Natur beginnt dein Leben zu durchdringen.<\/p>\n","protected":false},"excerpt":{"rendered":"<p>FINDE DIE STILLE IN DIR &#8211; ein tiefer Transformationsprozess in der Natur hin zu deinem wahren Sein. Du hast geschrien, gew\u00fctet, getobt. Schwelende Eiterbeulen sind aufgebrochen und beginnen abzuheilen. Es ist Zeit, still zu werden. Ruhig zu werden. Die Aufmerksamkeit ganz nach innen zu bringen. Nichts mehr los haben und ver\u00e4ndert haben zu wollen. Nur [&hellip;]<\/p>\n","protected":false},"author":4,"featured_media":0,"parent":31,"menu_order":0,"comment_status":"closed","ping_status":"closed","template":"","meta":{"ngg_post_thumbnail":0},"_links":{"self":[{"href":"https:\/\/www.wahrnehmungsraeume.at\/index.php?rest_route=\/wp\/v2\/pages\/1706"}],"collection":[{"href":"https:\/\/www.wahrnehmungsraeume.at\/index.php?rest_route=\/wp\/v2\/pages"}],"about":[{"href":"https:\/\/www.wahrnehmungsraeume.at\/index.php?rest_route=\/wp\/v2\/types\/page"}],"author":[{"embeddable":true,"href":"https:\/\/www.wahrnehmungsraeume.at\/index.php?rest_route=\/wp\/v2\/users\/4"}],"replies":[{"embeddable":true,"href":"https:\/\/www.wahrnehmungsraeume.at\/index.php?rest_route=%2Fwp%2Fv2%2Fcomments&post=1706"}],"version-history":[{"count":4,"href":"https:\/\/www.wahrnehmungsraeume.at\/index.php?rest_route=\/wp\/v2\/pages\/1706\/revisions"}],"predecessor-version":[{"id":2275,"href":"https:\/\/www.wahrnehmungsraeume.at\/index.php?rest_route=\/wp\/v2\/pages\/1706\/revisions\/2275"}],"up":[{"embeddable":true,"href":"https:\/\/www.wahrnehmungsraeume.at\/index.php?rest_route=\/wp\/v2\/pages\/31"}],"wp:attachment":[{"href":"https:\/\/www.wahrnehmungsraeume.at\/index.php?rest_route=%2Fwp%2Fv2%2Fmedia&parent=1706"}],"curies":[{"name":"wp","href":"https:\/\/api.w.org\/{rel}","templated":true}]}}