{"id":19,"date":"2010-06-02T13:27:18","date_gmt":"2010-06-02T13:27:18","guid":{"rendered":"http:\/\/www.wahrnehmungsraeume.at\/\/wordpress\/?page_id=19"},"modified":"2013-08-26T08:02:07","modified_gmt":"2013-08-26T08:02:07","slug":"schwermetallausschwemmung","status":"publish","type":"page","link":"https:\/\/www.wahrnehmungsraeume.at\/?page_id=19","title":{"rendered":"Schwermetallausleitung"},"content":{"rendered":"<p>Schwermetalle begegnen uns heute in sehr vielen Bereichen des Lebens So enth\u00e4lt zB &#8211; Das Trinkwasser \u00fcber das Rohrsystem das Schwermetall Blei, Impfungen enthalten Aluminium, Zahnmaterialien Palladium, Zigaretten enthalten Cadmium und Amalgam ist ein zuverl\u00e4ssiger Quecksilberlieferant.<\/p>\n<p>Da Amalgam \u00fcber lange Zeit ein sehr h\u00e4ufig verwendetes Zahnf\u00fcllmaterial war, ist es sehr nahe liegend hier zuerst nachzusehen.<\/p>\n<p>Amalgam enth\u00e4lt vorwiegend das giftige Schwermetall Quecksilber. Dieser Stoff wird in kleinen Mengen an den K\u00f6rpeer abgegeben und nicht wieder vollst\u00e4ndig ausgeschieden, sondern gespeichert.<\/p>\n<p>Bereits kleinste mengen Quecksilber ziehen organ- und nervensch\u00e4digende sowie immunschw\u00e4chende Folgen nach sich.<\/p>\n<p>Der Nachweis einer Amalgambelastung erfolgt \u00fcber den Aschofftest oder einen<br \/>\nDMPS-Mobilisationstest (Urinuntersuchung).<\/p>\n<p>Darauf aufbauend sollte eine Ausleitung des Quecksilbers aus dem K\u00f6rper beginnen. Die zahn\u00e4rztliche Entfernung der Amalgamf\u00fcllungen wird dringend empfohlen. Zus\u00e4tzlich empfiehlt sich die Einnahme von Vitaminen und Spurenelementen, die f\u00fcr den Patienten individuell ausgetestet werden.<\/p>\n<p>Von einer Eigentherapie ist strikt abzuraten, da es zu starken Reaktionen kommen kann und das Ausschwemmungsprocedere sich immer nach dem augenblicklichen Testergebnissen richtet.<\/p>\n<p>Die erneute Aufnahme von Quecksilber \u00fcber die Nahrung (Meeresfr\u00fcchte, Gefl\u00fcgel, Zitrusfr\u00fcchte) und Medikamenten sollte so gering wie m\u00f6glich gehalten werden.<\/p>\n<p>Fragen Sie Ihren Zahnarzt nach hochwertigen F\u00fcllungsmaterialien als Alternative zum Amalgam, die wir speziell f\u00fcr Sie auf Vertr\u00e4glichkeit austesten.<\/p>\n","protected":false},"excerpt":{"rendered":"<p>Schwermetalle begegnen uns heute in sehr vielen Bereichen des Lebens So enth\u00e4lt zB &#8211; Das Trinkwasser \u00fcber das Rohrsystem das Schwermetall Blei, Impfungen enthalten Aluminium, Zahnmaterialien Palladium, Zigaretten enthalten Cadmium und Amalgam ist ein zuverl\u00e4ssiger Quecksilberlieferant. Da Amalgam \u00fcber lange Zeit ein sehr h\u00e4ufig verwendetes Zahnf\u00fcllmaterial war, ist es sehr nahe liegend hier zuerst nachzusehen. [&hellip;]<\/p>\n","protected":false},"author":1,"featured_media":738,"parent":16,"menu_order":3,"comment_status":"closed","ping_status":"closed","template":"","meta":{"ngg_post_thumbnail":0},"_links":{"self":[{"href":"https:\/\/www.wahrnehmungsraeume.at\/index.php?rest_route=\/wp\/v2\/pages\/19"}],"collection":[{"href":"https:\/\/www.wahrnehmungsraeume.at\/index.php?rest_route=\/wp\/v2\/pages"}],"about":[{"href":"https:\/\/www.wahrnehmungsraeume.at\/index.php?rest_route=\/wp\/v2\/types\/page"}],"author":[{"embeddable":true,"href":"https:\/\/www.wahrnehmungsraeume.at\/index.php?rest_route=\/wp\/v2\/users\/1"}],"replies":[{"embeddable":true,"href":"https:\/\/www.wahrnehmungsraeume.at\/index.php?rest_route=%2Fwp%2Fv2%2Fcomments&post=19"}],"version-history":[{"count":10,"href":"https:\/\/www.wahrnehmungsraeume.at\/index.php?rest_route=\/wp\/v2\/pages\/19\/revisions"}],"predecessor-version":[{"id":858,"href":"https:\/\/www.wahrnehmungsraeume.at\/index.php?rest_route=\/wp\/v2\/pages\/19\/revisions\/858"}],"up":[{"embeddable":true,"href":"https:\/\/www.wahrnehmungsraeume.at\/index.php?rest_route=\/wp\/v2\/pages\/16"}],"wp:featuredmedia":[{"embeddable":true,"href":"https:\/\/www.wahrnehmungsraeume.at\/index.php?rest_route=\/wp\/v2\/media\/738"}],"wp:attachment":[{"href":"https:\/\/www.wahrnehmungsraeume.at\/index.php?rest_route=%2Fwp%2Fv2%2Fmedia&parent=19"}],"curies":[{"name":"wp","href":"https:\/\/api.w.org\/{rel}","templated":true}]}}