{"id":23,"date":"2010-06-02T13:27:49","date_gmt":"2010-06-02T13:27:49","guid":{"rendered":"http:\/\/www.wahrnehmungsraeume.at\/\/wordpress\/?page_id=23"},"modified":"2017-04-28T04:48:03","modified_gmt":"2017-04-28T04:48:03","slug":"akupunktur","status":"publish","type":"page","link":"https:\/\/www.wahrnehmungsraeume.at\/?page_id=23","title":{"rendered":"Akupunktur"},"content":{"rendered":"<p>Akupunktur, Ohrakupunktur, Laserakupunktur:<\/p>\n<p>Die Reizung von Akupunkturpunkten ist wohl eine der \u00e4ltesten und am weitesten verbreitete Heilmethode der Welt. Durch kleine Einstiche mit Nadeln an genau festgelegten Punkten der Haut (entlang der sogenannten Meridiane) k\u00f6nnen St\u00f6rungen im K\u00f6rperinneren beseitigt oder gelindert werden.<\/p>\n<p>Nach altchinesischer Auffassung sind die beiden lebenserhaltenden Kr\u00e4fte Yin und Yang im K\u00f6rper gleichzeitig wirksam. Ihr v\u00f6lliges Gleichgewicht im Organismus stellt den idealen Gesundheitszustand dar. Ein Ungleichgewicht f\u00fchrt auf Dauer zu Krankheit.<\/p>\n<p>Es gibt verschiedene M\u00f6glichkeiten auf die Akupunkturpunkte einzuwirken. Sticht man Nadeln in sie ein, so bezeichnet man dies als Akupunktur au\u00dferdem kann man sie auch durch W\u00e4rme (Moxibustion), Ultraschall, Laserstrahl oder auch durch Druck mit dem Finger (Akupressur) reizen.<\/p>\n<p>Bei der Akupunktur werden sehr feine, sterile Einmalnadeln aus Stahl verwendet, was ihnen 100%ige Sicherheit gew\u00e4hrleistet. Der kurze Einstich ist fast v\u00f6llig schmerzlos.<\/p>\n<p>Manche Patienten empfinden nach der Akupunktur sofort Erleichterung, andere brauchen Tage dazu. \u00dcblicherweise ben\u00f6tigt man 4 bis 5, manchmal bis 10, Behandlungen, bis man eine Besserung versp\u00fcrt wird.<\/p>\n<p>Die Akupunktur wird oft in Kombination mit der hom\u00f6opathischen Therapie eingesetzt, wodurch die Wirkung deutlich gesteigert wird.<\/p>\n<p>Bei Kindern kann der v\u00f6llig schmerzfreie Akupunkturlaser eingesetzt werden. der Laser stimuliert ohne jegliches Eindringen in die Haut die Akupunkturpunkte.<\/p>\n<p>Die Ohroberfl\u00e4che bildet eine Reflexzone, auf der alle Organe des K\u00f6rpers abgebildet sind.<\/p>\n<p>Die Untersuchung der Ohrreflexzonen erlaubt eine genaue Aussage dar\u00fcber, wo Schmerzen bestehen oder welche Organe des K\u00f6rpers bei unklaren Schmerzen betroffen sind. Weiters kann man St\u00f6rherde ausfindig machen.<\/p>\n<p>Die Behandlung geschieht durch setzen von feinen Nadeln am Ohr.<\/p>\n<p>Weiters ist es m\u00f6glich Dauernadeln zu setzen, die einige Tage im Ohr belassen werden k\u00f6nnen. Dadurch k\u00f6nnen langanhaltende Schmerzust\u00e4nde gut und nachhaltig beeinflusst und verbessert werden.<\/p>\n","protected":false},"excerpt":{"rendered":"<p>Akupunktur, Ohrakupunktur, Laserakupunktur: Die Reizung von Akupunkturpunkten ist wohl eine der \u00e4ltesten und am weitesten verbreitete Heilmethode der Welt. Durch kleine Einstiche mit Nadeln an genau festgelegten Punkten der Haut (entlang der sogenannten Meridiane) k\u00f6nnen St\u00f6rungen im K\u00f6rperinneren beseitigt oder gelindert werden. Nach altchinesischer Auffassung sind die beiden lebenserhaltenden Kr\u00e4fte Yin und Yang im K\u00f6rper [&hellip;]<\/p>\n","protected":false},"author":1,"featured_media":738,"parent":16,"menu_order":7,"comment_status":"closed","ping_status":"closed","template":"","meta":{"ngg_post_thumbnail":0},"_links":{"self":[{"href":"https:\/\/www.wahrnehmungsraeume.at\/index.php?rest_route=\/wp\/v2\/pages\/23"}],"collection":[{"href":"https:\/\/www.wahrnehmungsraeume.at\/index.php?rest_route=\/wp\/v2\/pages"}],"about":[{"href":"https:\/\/www.wahrnehmungsraeume.at\/index.php?rest_route=\/wp\/v2\/types\/page"}],"author":[{"embeddable":true,"href":"https:\/\/www.wahrnehmungsraeume.at\/index.php?rest_route=\/wp\/v2\/users\/1"}],"replies":[{"embeddable":true,"href":"https:\/\/www.wahrnehmungsraeume.at\/index.php?rest_route=%2Fwp%2Fv2%2Fcomments&post=23"}],"version-history":[{"count":11,"href":"https:\/\/www.wahrnehmungsraeume.at\/index.php?rest_route=\/wp\/v2\/pages\/23\/revisions"}],"predecessor-version":[{"id":1101,"href":"https:\/\/www.wahrnehmungsraeume.at\/index.php?rest_route=\/wp\/v2\/pages\/23\/revisions\/1101"}],"up":[{"embeddable":true,"href":"https:\/\/www.wahrnehmungsraeume.at\/index.php?rest_route=\/wp\/v2\/pages\/16"}],"wp:featuredmedia":[{"embeddable":true,"href":"https:\/\/www.wahrnehmungsraeume.at\/index.php?rest_route=\/wp\/v2\/media\/738"}],"wp:attachment":[{"href":"https:\/\/www.wahrnehmungsraeume.at\/index.php?rest_route=%2Fwp%2Fv2%2Fmedia&parent=23"}],"curies":[{"name":"wp","href":"https:\/\/api.w.org\/{rel}","templated":true}]}}