{"id":25,"date":"2010-06-02T13:28:10","date_gmt":"2010-06-02T13:28:10","guid":{"rendered":"http:\/\/www.wahrnehmungsraeume.at\/\/wordpress\/?page_id=25"},"modified":"2017-04-28T04:48:53","modified_gmt":"2017-04-28T04:48:53","slug":"orthomolekulare-medizin","status":"publish","type":"page","link":"https:\/\/www.wahrnehmungsraeume.at\/?page_id=25","title":{"rendered":"Vitamine, Spurenelemente, Mineralien"},"content":{"rendered":"<p>Orthomolekulare Medizin ist die Erhaltung guter Gesundheit und die Behandlung von Krankheiten durch Analyse und korrektur der Konzentration von lebenswichtigen N\u00e4hrstoffen im menschlichen K\u00f6rper, wie Vitaminen, Spurenelementen, Mineralstoffe, Aminos\u00e4uren und Fetts\u00e4uren.<\/p>\n<p>Ein Mangel (aber auch ein Zuviel) dieser Faktoren, z.B. durch einseitige Ern\u00e4hrung, Verdauungskrankheiten, chronische Entz\u00fcndungen, Schwermetallbelastungen, usw. kann verschiedene Funktionen des K\u00f6rpers beeinflussen.<\/p>\n<p>Wir beraten und unterst\u00fctzen Sie in der Zusammenstellung und Anwendung dieser k\u00f6rperfreundlichen N\u00e4hrstoffe, die zur Vorsorge und zur Einleitung von Therapien genutzt werden.<\/p>\n<p>Der Organismus wird gest\u00e4rkt, Beschwerden werden gelindert, die Wirkung aller Arzneimittel wird unterst\u00fctzt und der K\u00f6rper gegen m\u00f6gliche unerw\u00fcnschte Nebenwirkungen gesch\u00fctzt.<\/p>\n","protected":false},"excerpt":{"rendered":"<p>Orthomolekulare Medizin ist die Erhaltung guter Gesundheit und die Behandlung von Krankheiten durch Analyse und korrektur der Konzentration von lebenswichtigen N\u00e4hrstoffen im menschlichen K\u00f6rper, wie Vitaminen, Spurenelementen, Mineralstoffe, Aminos\u00e4uren und Fetts\u00e4uren. Ein Mangel (aber auch ein Zuviel) dieser Faktoren, z.B. durch einseitige Ern\u00e4hrung, Verdauungskrankheiten, chronische Entz\u00fcndungen, Schwermetallbelastungen, usw. kann verschiedene Funktionen des K\u00f6rpers beeinflussen. Wir [&hellip;]<\/p>\n","protected":false},"author":1,"featured_media":738,"parent":16,"menu_order":5,"comment_status":"closed","ping_status":"closed","template":"","meta":{"ngg_post_thumbnail":0},"_links":{"self":[{"href":"https:\/\/www.wahrnehmungsraeume.at\/index.php?rest_route=\/wp\/v2\/pages\/25"}],"collection":[{"href":"https:\/\/www.wahrnehmungsraeume.at\/index.php?rest_route=\/wp\/v2\/pages"}],"about":[{"href":"https:\/\/www.wahrnehmungsraeume.at\/index.php?rest_route=\/wp\/v2\/types\/page"}],"author":[{"embeddable":true,"href":"https:\/\/www.wahrnehmungsraeume.at\/index.php?rest_route=\/wp\/v2\/users\/1"}],"replies":[{"embeddable":true,"href":"https:\/\/www.wahrnehmungsraeume.at\/index.php?rest_route=%2Fwp%2Fv2%2Fcomments&post=25"}],"version-history":[{"count":11,"href":"https:\/\/www.wahrnehmungsraeume.at\/index.php?rest_route=\/wp\/v2\/pages\/25\/revisions"}],"predecessor-version":[{"id":1102,"href":"https:\/\/www.wahrnehmungsraeume.at\/index.php?rest_route=\/wp\/v2\/pages\/25\/revisions\/1102"}],"up":[{"embeddable":true,"href":"https:\/\/www.wahrnehmungsraeume.at\/index.php?rest_route=\/wp\/v2\/pages\/16"}],"wp:featuredmedia":[{"embeddable":true,"href":"https:\/\/www.wahrnehmungsraeume.at\/index.php?rest_route=\/wp\/v2\/media\/738"}],"wp:attachment":[{"href":"https:\/\/www.wahrnehmungsraeume.at\/index.php?rest_route=%2Fwp%2Fv2%2Fmedia&parent=25"}],"curies":[{"name":"wp","href":"https:\/\/api.w.org\/{rel}","templated":true}]}}