{"id":29,"date":"2010-06-02T13:28:40","date_gmt":"2010-06-02T13:28:40","guid":{"rendered":"http:\/\/www.wahrnehmungsraeume.at\/\/wordpress\/?page_id=29"},"modified":"2017-04-28T04:47:20","modified_gmt":"2017-04-28T04:47:20","slug":"physiotherapie","status":"publish","type":"page","link":"https:\/\/www.wahrnehmungsraeume.at\/?page_id=29","title":{"rendered":"Physiotherapie"},"content":{"rendered":"<p>Die Physiotherapie wird vom Arzt verordnet. Wir arbeiten nach Bobath, FBL, Tuina-Massage, Klassische Massage, Lymphdrainage, Manueller Medizin, PNF, AORT.<\/p>\n<p>Die Therapieverordnungen, erhalten Sie von Dr. Demmer, Ihrem Hausarzt oder Facharzt.<\/p>\n<p>Die Physiotherapie wird durch eine hom\u00f6opathische Therapie, durch Akupunktur und Schwermetallausleitung deutlich unterst\u00fctzt. Wir empfehlen immer eine Kombination verschiedener Therapierichtungen.<\/p>\n<p>Der Einsatz erfolgt vor allem bei:<\/p>\n<p>Neurologischen Erkrankungen wie Schlaganfall, Multiple Sklerose, Morbus Parkinson, Bandscheibenvorf\u00e4lle, &#8230;<\/p>\n<p>Orthop\u00e4dische Erkrankungen wie Gelenkserkrankungen und Wirbels\u00e4ulenbeschwerden, Gelenksersatz, Bewegungseinschr\u00e4nkungen,<\/p>\n<p>Traumatologische Erkrankungen und Verletzungen<\/p>\n<p>Oder als Pr\u00e4ventive Behandlungen wie R\u00fcckenschulung, Vermeidung von Behinderungen und Sp\u00e4tfolgen.<\/p>\n","protected":false},"excerpt":{"rendered":"<p>Die Physiotherapie wird vom Arzt verordnet. Wir arbeiten nach Bobath, FBL, Tuina-Massage, Klassische Massage, Lymphdrainage, Manueller Medizin, PNF, AORT. Die Therapieverordnungen, erhalten Sie von Dr. Demmer, Ihrem Hausarzt oder Facharzt. Die Physiotherapie wird durch eine hom\u00f6opathische Therapie, durch Akupunktur und Schwermetallausleitung deutlich unterst\u00fctzt. Wir empfehlen immer eine Kombination verschiedener Therapierichtungen. Der Einsatz erfolgt vor allem [&hellip;]<\/p>\n","protected":false},"author":1,"featured_media":738,"parent":16,"menu_order":9,"comment_status":"closed","ping_status":"closed","template":"","meta":{"ngg_post_thumbnail":0},"_links":{"self":[{"href":"https:\/\/www.wahrnehmungsraeume.at\/index.php?rest_route=\/wp\/v2\/pages\/29"}],"collection":[{"href":"https:\/\/www.wahrnehmungsraeume.at\/index.php?rest_route=\/wp\/v2\/pages"}],"about":[{"href":"https:\/\/www.wahrnehmungsraeume.at\/index.php?rest_route=\/wp\/v2\/types\/page"}],"author":[{"embeddable":true,"href":"https:\/\/www.wahrnehmungsraeume.at\/index.php?rest_route=\/wp\/v2\/users\/1"}],"replies":[{"embeddable":true,"href":"https:\/\/www.wahrnehmungsraeume.at\/index.php?rest_route=%2Fwp%2Fv2%2Fcomments&post=29"}],"version-history":[{"count":8,"href":"https:\/\/www.wahrnehmungsraeume.at\/index.php?rest_route=\/wp\/v2\/pages\/29\/revisions"}],"predecessor-version":[{"id":1099,"href":"https:\/\/www.wahrnehmungsraeume.at\/index.php?rest_route=\/wp\/v2\/pages\/29\/revisions\/1099"}],"up":[{"embeddable":true,"href":"https:\/\/www.wahrnehmungsraeume.at\/index.php?rest_route=\/wp\/v2\/pages\/16"}],"wp:featuredmedia":[{"embeddable":true,"href":"https:\/\/www.wahrnehmungsraeume.at\/index.php?rest_route=\/wp\/v2\/media\/738"}],"wp:attachment":[{"href":"https:\/\/www.wahrnehmungsraeume.at\/index.php?rest_route=%2Fwp%2Fv2%2Fmedia&parent=29"}],"curies":[{"name":"wp","href":"https:\/\/api.w.org\/{rel}","templated":true}]}}