{"id":3,"date":"2010-06-02T13:24:20","date_gmt":"2010-06-02T13:24:20","guid":{"rendered":"http:\/\/www.wahrnehmungsraeume.at\/\/wordpress\/?page_id=3"},"modified":"2022-09-06T16:24:28","modified_gmt":"2022-09-06T16:24:28","slug":"die-therapeuten","status":"publish","type":"page","link":"https:\/\/www.wahrnehmungsraeume.at\/?page_id=3","title":{"rendered":"Therapeuten"},"content":{"rendered":"\n<div class=\"wp-block-columns is-layout-flex wp-container-3\">\n<div class=\"wp-block-column is-layout-flow\">\n<figure class=\"wp-block-image size-large\"><img decoding=\"async\" src=\"https:\/\/www.wahrnehmungsraeume.at\/wp-content\/uploads\/2022\/09\/Oskar-1-2-1024x683.jpg\" alt=\"\" class=\"wp-image-1509\"\/><\/figure>\n<\/div>\n\n\n\n<div class=\"wp-block-column is-layout-flow\">\n<h3 class=\"wp-block-heading\">Dr. med. univ. Oskar Paul Demmer<\/h3>\n\n\n\n<p>geb. 23.11.1963<br>verheiratet, Vater von 3 Kindern \u2013 Florian, Stephan, Sophia<br>Arzt f\u00fcr Allgemeinmedizin, Hom\u00f6opath, Akupunkteur<br>Initiatischer Therapeut<br>Visionssucheleiter<br>Sachverst\u00e4ndiger f\u00fcr Impffragen, Impfarzt<\/p>\n\n\n\n<p><a href=\"http:\/\/www.wahrnehmungsraeume.at\/?page_id=5\">mehr Informationen<\/a><\/p>\n<\/div>\n<\/div>\n\n\n\n<div class=\"wp-block-columns is-layout-flex wp-container-6\">\n<div class=\"wp-block-column is-layout-flow\">\n<figure class=\"wp-block-image size-full\"><img decoding=\"async\" src=\"https:\/\/www.wahrnehmungsraeume.at\/wp-content\/uploads\/2022\/09\/Sanne-Portraitshooting-Mai-2012-23-scaled.jpg\" alt=\"\" class=\"wp-image-1498\"\/><\/figure>\n<\/div>\n\n\n\n<div class=\"wp-block-column is-layout-flow\">\n<h3 class=\"wp-block-heading\">Susanne Demmer<\/h3>\n\n\n\n<p>geb. 25.6.1972 verheiratet<br>Mutter von&nbsp;4 Kindern \u2013 Florian, Stephan, Sophia, Marie<br>Dipl. Physiotherapeutin<br>Dipl. Lebens- und Sozialberaterin<br>NLP-Trainerin<br>Visionssucheleiterin<\/p>\n\n\n\n<p><a href=\"http:\/\/www.wahrnehmungsraeume.at\/?page_id=7\">mehr Informationen<\/a><\/p>\n<\/div>\n<\/div>\n\n\n\n<p><\/p>\n","protected":false},"excerpt":{"rendered":"<p>Dr. med. univ. Oskar Paul Demmer geb. 23.11.1963verheiratet, Vater von 3 Kindern \u2013 Florian, Stephan, SophiaArzt f\u00fcr Allgemeinmedizin, Hom\u00f6opath, AkupunkteurInitiatischer TherapeutVisionssucheleiterSachverst\u00e4ndiger f\u00fcr Impffragen, Impfarzt mehr Informationen Susanne Demmer geb. 25.6.1972 verheiratetMutter von&nbsp;4 Kindern \u2013 Florian, Stephan, Sophia, MarieDipl. PhysiotherapeutinDipl. Lebens- und SozialberaterinNLP-TrainerinVisionssucheleiterin mehr Informationen<\/p>\n","protected":false},"author":1,"featured_media":1628,"parent":0,"menu_order":2,"comment_status":"closed","ping_status":"closed","template":"","meta":{"ngg_post_thumbnail":0},"_links":{"self":[{"href":"https:\/\/www.wahrnehmungsraeume.at\/index.php?rest_route=\/wp\/v2\/pages\/3"}],"collection":[{"href":"https:\/\/www.wahrnehmungsraeume.at\/index.php?rest_route=\/wp\/v2\/pages"}],"about":[{"href":"https:\/\/www.wahrnehmungsraeume.at\/index.php?rest_route=\/wp\/v2\/types\/page"}],"author":[{"embeddable":true,"href":"https:\/\/www.wahrnehmungsraeume.at\/index.php?rest_route=\/wp\/v2\/users\/1"}],"replies":[{"embeddable":true,"href":"https:\/\/www.wahrnehmungsraeume.at\/index.php?rest_route=%2Fwp%2Fv2%2Fcomments&post=3"}],"version-history":[{"count":50,"href":"https:\/\/www.wahrnehmungsraeume.at\/index.php?rest_route=\/wp\/v2\/pages\/3\/revisions"}],"predecessor-version":[{"id":1629,"href":"https:\/\/www.wahrnehmungsraeume.at\/index.php?rest_route=\/wp\/v2\/pages\/3\/revisions\/1629"}],"wp:featuredmedia":[{"embeddable":true,"href":"https:\/\/www.wahrnehmungsraeume.at\/index.php?rest_route=\/wp\/v2\/media\/1628"}],"wp:attachment":[{"href":"https:\/\/www.wahrnehmungsraeume.at\/index.php?rest_route=%2Fwp%2Fv2%2Fmedia&parent=3"}],"curies":[{"name":"wp","href":"https:\/\/api.w.org\/{rel}","templated":true}]}}