{"id":32,"date":"2010-06-02T13:29:06","date_gmt":"2010-06-02T13:29:06","guid":{"rendered":"http:\/\/www.wahrnehmungsraeume.at\/\/wordpress\/?page_id=32"},"modified":"2023-09-13T13:59:04","modified_gmt":"2023-09-13T13:59:04","slug":"visionssuche","status":"publish","type":"page","link":"https:\/\/www.wahrnehmungsraeume.at\/?page_id=32","title":{"rendered":"Visionssuche"},"content":{"rendered":"\n<blockquote class=\"wp-block-quote\">\n<p><strong>\u201eDie zivilisatorische Schicht, die uns von der Wildnis trennt, ist nicht dicker als drei Tage\u201c<\/strong> (Robert Greenway)<\/p>\n<\/blockquote>\n\n\n<p><strong>Die Visionssuche<\/strong> ist ein altes und vielen Kulturen bekanntes Initiationsritual. Initiation heisst Neubeginn. Es bedeutet &#8220;das Tor zum Geheimen \u00f6ffnen&#8221; (D\u00fcrckheim). Das Geheime ist das innerste Wesen.<\/p>\n<p><strong>Sie ist ein Fasten-Ritual in der Natur, bestehend aus vier Teilen:<\/strong><br><strong>Vorbereitung <\/strong>Eine viert\u00e4gige Vorbereitungszeit leitet die eigentliche Visionssuche ein. Vorbereitung hei\u00dft, den Fokus auf das Wesentliche zu legen, um mit&nbsp;deinen Herzensfragen in Kontakt zu treten.<br><strong>Schwellen\u00fcberschreitung und Auszeit <\/strong>Vier Tage und vier N\u00e4chte, ohne Essen und nur mit den notwendigsten Dingen ausger\u00fcstet, begibst du dich alleine in die Natur. Um in der Auseinandersetzung&nbsp;mit dir im Spiegel der&nbsp;Natur&nbsp;Antworten auf&nbsp;deine Fragen zu finden.<br><strong>Integration<\/strong> Danach kannst du&nbsp;deine Erfahrungen noch einmal im Spiegel der anderen betrachten, bekommst Anregungen und konkrete Handlungsoptionen, wie du das Erfahrene in&nbsp;dein Leben einf\u00fcgen kannst.<br><strong>Handeln und Gestalten<\/strong> In der Zeit nach der Visionssuche geht es darum das Erfahrene in dein Leben zu integrieren, wir unterst\u00fctzen dich darin mit einem Treffen.<br><strong>In fr\u00fcheren Zeiten, ebenso wie heute bedarf es einigen Mutes, \u00fcber die Schwelle in die Unsicherheit zu gehen<\/strong>: Sich dem Hunger, dem Wetter, den Tieren, den Pflanzen und der Stille zu stellen. Und doch taten und tun es Menschen immer wieder. Und entdecken auf ihrer Reise nach innen ihre inneren Sch\u00e4tze: Klarheit, Mut, Liebe, Beziehungsf\u00e4higkeit, Freude, Gl\u00fcck, Sinnlichkeit, Kraft, Kreativit\u00e4t,m Erfolg, &#8230;<br>Die Visionssuche, die Initiation, der Neubeginn hilft uns<br>&#8211; erwachsen zu werden,<br>&#8211; Lebenskrisen zu bew\u00e4ltigen,<br>&#8211; sich neu zu orientieren,<br>&#8211; Klarheit zu finden,<br>&#8211; Sinn des eigenen Daseins zu erkennen,<br>&#8211; Sinn und Bedeutung von Krankheiten zu erkennen<br>&#8211; sich anzun\u00e4hern und anzubinden an die Quellen unseres Lebens<br>&#8211; seine ganz pers\u00f6nliche Lebensaufgabe zu finden und<br>&#8211; die Natur zu entdecken.<br>Alles samt Themen die mit Heilung und Gesundheit offenbar in engem Zusammenhang stehen.<br>f\u00fcr Erwachsene und junge Erwachsene ab 16, Menschen mit Erkrankung<strong><br><\/strong><\/p>\n<p>Informationen zu Infoabend Visionssuche&nbsp; und Termine <a href=\"http:\/\/www.wahrnehmungsraeume.at\/?page_id=52\" target=\"_blank\" rel=\"noopener noreferrer\">hier<\/a><\/p>\n\n\n<hr class=\"wp-block-separator has-css-opacity is-style-wide\"\/>\n\n\n<p><a href=\"http:\/\/www.wahrnehmungsraeume.at\/wp-content\/uploads\/2022\/09\/20220715_072904-2-scaled-e1662902702666.jpg\"><img decoding=\"async\" loading=\"lazy\" class=\"wp-image-1698  alignleft\" src=\"http:\/\/www.wahrnehmungsraeume.at\/wp-content\/uploads\/2022\/09\/20220715_072904-2-scaled-e1662902702666-197x300.jpg\" alt=\"\" width=\"104\" height=\"159\" srcset=\"https:\/\/www.wahrnehmungsraeume.at\/wp-content\/uploads\/2022\/09\/20220715_072904-2-scaled-e1662902702666-197x300.jpg 197w, https:\/\/www.wahrnehmungsraeume.at\/wp-content\/uploads\/2022\/09\/20220715_072904-2-scaled-e1662902702666-672x1024.jpg 672w, https:\/\/www.wahrnehmungsraeume.at\/wp-content\/uploads\/2022\/09\/20220715_072904-2-scaled-e1662902702666-768x1170.jpg 768w, https:\/\/www.wahrnehmungsraeume.at\/wp-content\/uploads\/2022\/09\/20220715_072904-2-scaled-e1662902702666-1008x1536.jpg 1008w, https:\/\/www.wahrnehmungsraeume.at\/wp-content\/uploads\/2022\/09\/20220715_072904-2-scaled-e1662902702666.jpg 1260w\" sizes=\"(max-width: 104px) 100vw, 104px\" \/><\/a><a href=\"http:\/\/www.wahrnehmungsraeume.at\/wp-content\/uploads\/2022\/09\/20220713_175827-2-scaled-e1662818307577.jpg\"><img decoding=\"async\" loading=\"lazy\" class=\"wp-image-1594 alignleft\" src=\"http:\/\/www.wahrnehmungsraeume.at\/wp-content\/uploads\/2022\/09\/20220713_175827-2-225x300.jpg\" alt=\"\" width=\"117\" height=\"156\"><\/a><a href=\"http:\/\/www.wahrnehmungsraeume.at\/wp-content\/uploads\/2022\/09\/20220630_120203-scaled.jpg\"><img decoding=\"async\" loading=\"lazy\" class=\"wp-image-1542 alignleft\" src=\"http:\/\/www.wahrnehmungsraeume.at\/wp-content\/uploads\/2022\/09\/20220630_120203-225x300.jpg\" alt=\"\" width=\"117\" height=\"156\" srcset=\"https:\/\/www.wahrnehmungsraeume.at\/wp-content\/uploads\/2022\/09\/20220630_120203-225x300.jpg 225w, https:\/\/www.wahrnehmungsraeume.at\/wp-content\/uploads\/2022\/09\/20220630_120203-768x1024.jpg 768w, https:\/\/www.wahrnehmungsraeume.at\/wp-content\/uploads\/2022\/09\/20220630_120203-1152x1536.jpg 1152w, https:\/\/www.wahrnehmungsraeume.at\/wp-content\/uploads\/2022\/09\/20220630_120203-1536x2048.jpg 1536w, https:\/\/www.wahrnehmungsraeume.at\/wp-content\/uploads\/2022\/09\/20220630_120203-scaled.jpg 1920w\" sizes=\"(max-width: 117px) 100vw, 117px\" \/><\/a><a href=\"http:\/\/www.wahrnehmungsraeume.at\/wp-content\/uploads\/2022\/09\/20220715_081742-1-scaled.jpg\"><img decoding=\"async\" loading=\"lazy\" class=\"wp-image-1687 alignleft\" src=\"http:\/\/www.wahrnehmungsraeume.at\/wp-content\/uploads\/2022\/09\/20220715_081742-1-225x300.jpg\" alt=\"\" width=\"117\" height=\"156\" srcset=\"https:\/\/www.wahrnehmungsraeume.at\/wp-content\/uploads\/2022\/09\/20220715_081742-1-225x300.jpg 225w, https:\/\/www.wahrnehmungsraeume.at\/wp-content\/uploads\/2022\/09\/20220715_081742-1-768x1024.jpg 768w, https:\/\/www.wahrnehmungsraeume.at\/wp-content\/uploads\/2022\/09\/20220715_081742-1-1152x1536.jpg 1152w, https:\/\/www.wahrnehmungsraeume.at\/wp-content\/uploads\/2022\/09\/20220715_081742-1-1536x2048.jpg 1536w, https:\/\/www.wahrnehmungsraeume.at\/wp-content\/uploads\/2022\/09\/20220715_081742-1-scaled.jpg 1920w\" sizes=\"(max-width: 117px) 100vw, 117px\" \/><\/a><\/p>\n<p><\/p>\n<p style=\"text-align: center;\"><a href=\"http:\/\/www.wahrnehmungsraeume.at\/wp-content\/uploads\/2022\/09\/20220715_072904-scaled-e1662491309708.jpg\">&nbsp;<\/a><\/p>\n<p><\/p>","protected":false},"excerpt":{"rendered":"<p>\u201eDie zivilisatorische Schicht, die uns von der Wildnis trennt, ist nicht dicker als drei Tage\u201c (Robert Greenway) Die Visionssuche ist ein altes und vielen Kulturen bekanntes Initiationsritual. Initiation heisst Neubeginn. Es bedeutet &#8220;das Tor zum Geheimen \u00f6ffnen&#8221; (D\u00fcrckheim). Das Geheime ist das innerste Wesen. Sie ist ein Fasten-Ritual in der Natur, bestehend aus vier Teilen:Vorbereitung [&hellip;]<\/p>\n","protected":false},"author":1,"featured_media":0,"parent":0,"menu_order":8,"comment_status":"closed","ping_status":"closed","template":"","meta":{"ngg_post_thumbnail":0},"_links":{"self":[{"href":"https:\/\/www.wahrnehmungsraeume.at\/index.php?rest_route=\/wp\/v2\/pages\/32"}],"collection":[{"href":"https:\/\/www.wahrnehmungsraeume.at\/index.php?rest_route=\/wp\/v2\/pages"}],"about":[{"href":"https:\/\/www.wahrnehmungsraeume.at\/index.php?rest_route=\/wp\/v2\/types\/page"}],"author":[{"embeddable":true,"href":"https:\/\/www.wahrnehmungsraeume.at\/index.php?rest_route=\/wp\/v2\/users\/1"}],"replies":[{"embeddable":true,"href":"https:\/\/www.wahrnehmungsraeume.at\/index.php?rest_route=%2Fwp%2Fv2%2Fcomments&post=32"}],"version-history":[{"count":30,"href":"https:\/\/www.wahrnehmungsraeume.at\/index.php?rest_route=\/wp\/v2\/pages\/32\/revisions"}],"predecessor-version":[{"id":2025,"href":"https:\/\/www.wahrnehmungsraeume.at\/index.php?rest_route=\/wp\/v2\/pages\/32\/revisions\/2025"}],"wp:attachment":[{"href":"https:\/\/www.wahrnehmungsraeume.at\/index.php?rest_route=%2Fwp%2Fv2%2Fmedia&parent=32"}],"curies":[{"name":"wp","href":"https:\/\/api.w.org\/{rel}","templated":true}]}}