{"id":359,"date":"2010-11-12T09:21:16","date_gmt":"2010-11-12T09:21:16","guid":{"rendered":"http:\/\/www.wahrnehmungsraeume.at\/?page_id=359"},"modified":"2013-03-29T12:14:54","modified_gmt":"2013-03-29T12:14:54","slug":"borreliose","status":"publish","type":"page","link":"https:\/\/www.wahrnehmungsraeume.at\/?page_id=359","title":{"rendered":"Borreliose"},"content":{"rendered":"<h2><strong>Infektion mit Borrelien:<\/strong><\/h2>\n<p>Borrelia ist ein <strong>Bakterium<\/strong> und geh\u00f6rt zu den Spiroch\u00e4ten, \u00e4hnlich dem Erreger der Syphilis. Scheinbar hat sich das Bakterium in den letzten Jahrzehnten mit Antibiotika behandeln lassen.<\/p>\n<p>Derzeit kommt es jedoch zu einer H\u00e4ufung an Borreliose-F\u00e4llen. In der letzten Zeit nimmt die Zahl der F\u00e4lle mit<strong> chronischen, sehr starken (Nerven)Schmerzen, Kopfschmerzen, Schwindel, chronischen Hautver\u00e4nderungen und Herzsymptomen <\/strong>drastisch zu. Antibiotika versagen, auch nach wochenlanger Therapie.<\/p>\n<p>Eine Borrelieninfektion ist ein Hinweis f\u00fcr ein deutlich <strong>eingeschr\u00e4nktes Immunsystem<\/strong>. Wodurch kommt es zu einer Abwehrschw\u00e4che, sodass der K\u00f6rper mit dieser Art Infektion nicht fertig wird?<\/p>\n<p>Es hat sich nat\u00fcrlich als Irrglaube gezeigt, wird ein Einbringen des Bakteriums in den K\u00f6rper nur mit Zeckenbissen in Verbindung gebracht.<\/p>\n<p><strong>Behandlungsweisen<\/strong>, die sich in unserer Praxis bew\u00e4hrt haben:<\/p>\n<p>&#8211; Borrelien-Nosode (hom\u00f6opathisches Mittel)<br \/>\n&#8211; Schwermetall-Entgiftung<br \/>\n&#8211; Rizol<br \/>\n&#8211; Suche nach tiefgehenden Schw\u00e4chezust\u00e4nden im emotionalen Bereich (&#8220;psychische&#8221; Ursachen), siehe dazu auch das &#8220;Immunsystem des Selbst&#8221; im Kapitel &#8220;Das Medizinrad&#8221;<br \/>\n&#8211; die Verwendung von Spurenelementen, Vitaminen und Mineralstoffen<\/p>\n<p>In jedem Fall geht es um die Verbesserung des Milieus und damit um eine Anhebung der Abwehrlage.<\/p>\n<p><strong>Nachweis<\/strong>:<\/p>\n<p>&#8211; Aschofftest<br \/>\n&#8211; Labortest, die Borrelien-Antik\u00f6rper werden erst positiv bei akuter Infektion.<br \/>\n&#8211; klinischer Verdacht.<\/p>\n<p>Bei klinischem Verdacht (zB Erythema migrans \u2013 roter runder Fleck) ist trotzdem der Antik\u00f6rpertest nicht immer positiv, wenn die Infektion zu wenig akut und intensiv ist.<\/p>\n","protected":false},"excerpt":{"rendered":"<p>Infektion mit Borrelien: Borrelia ist ein Bakterium und geh\u00f6rt zu den Spiroch\u00e4ten, \u00e4hnlich dem Erreger der Syphilis. Scheinbar hat sich das Bakterium in den letzten Jahrzehnten mit Antibiotika behandeln lassen. Derzeit kommt es jedoch zu einer H\u00e4ufung an Borreliose-F\u00e4llen. In der letzten Zeit nimmt die Zahl der F\u00e4lle mit chronischen, sehr starken (Nerven)Schmerzen, Kopfschmerzen, Schwindel, [&hellip;]<\/p>\n","protected":false},"author":4,"featured_media":738,"parent":16,"menu_order":5,"comment_status":"closed","ping_status":"closed","template":"","meta":{"ngg_post_thumbnail":0},"_links":{"self":[{"href":"https:\/\/www.wahrnehmungsraeume.at\/index.php?rest_route=\/wp\/v2\/pages\/359"}],"collection":[{"href":"https:\/\/www.wahrnehmungsraeume.at\/index.php?rest_route=\/wp\/v2\/pages"}],"about":[{"href":"https:\/\/www.wahrnehmungsraeume.at\/index.php?rest_route=\/wp\/v2\/types\/page"}],"author":[{"embeddable":true,"href":"https:\/\/www.wahrnehmungsraeume.at\/index.php?rest_route=\/wp\/v2\/users\/4"}],"replies":[{"embeddable":true,"href":"https:\/\/www.wahrnehmungsraeume.at\/index.php?rest_route=%2Fwp%2Fv2%2Fcomments&post=359"}],"version-history":[{"count":13,"href":"https:\/\/www.wahrnehmungsraeume.at\/index.php?rest_route=\/wp\/v2\/pages\/359\/revisions"}],"predecessor-version":[{"id":744,"href":"https:\/\/www.wahrnehmungsraeume.at\/index.php?rest_route=\/wp\/v2\/pages\/359\/revisions\/744"}],"up":[{"embeddable":true,"href":"https:\/\/www.wahrnehmungsraeume.at\/index.php?rest_route=\/wp\/v2\/pages\/16"}],"wp:featuredmedia":[{"embeddable":true,"href":"https:\/\/www.wahrnehmungsraeume.at\/index.php?rest_route=\/wp\/v2\/media\/738"}],"wp:attachment":[{"href":"https:\/\/www.wahrnehmungsraeume.at\/index.php?rest_route=%2Fwp%2Fv2%2Fmedia&parent=359"}],"curies":[{"name":"wp","href":"https:\/\/api.w.org\/{rel}","templated":true}]}}