{"id":376,"date":"2010-11-12T09:38:37","date_gmt":"2010-11-12T09:38:37","guid":{"rendered":"http:\/\/www.wahrnehmungsraeume.at\/?page_id=376"},"modified":"2013-03-29T12:15:36","modified_gmt":"2013-03-29T12:15:36","slug":"rizol","status":"publish","type":"page","link":"https:\/\/www.wahrnehmungsraeume.at\/?page_id=376","title":{"rendered":"Rizol"},"content":{"rendered":"<p>Rizol ist eine Verbindung aus <strong>Ozoniden und Bitterstoffen<\/strong>. <span style=\"text-decoration: underline;\"><span style=\"color: #000000;\"><br \/>\nOzonide<\/span><\/span> sind eine Mischung aus unges\u00e4ttigten \u00d6len, wie zB Oliven\u00f6len, und Sauerstoff in Form des Ozons. <span style=\"text-decoration: underline;\">Bitterstoffe<\/span> sind zB Minz\u00f6l, Geranium\u00f6l, Nelken\u00f6l, Wermut\u00f6l, Walnuss\u00f6l.<\/p>\n<p>Der menschliche K\u00f6rper bietet ideale Existenzbedingungen f\u00fcr k\u00f6rperfremde Parasiten aller Art. Auch im gesunden K\u00f6rper kommt eine unglaubliche Vielzahl an Parasitenarten, Bakterien, Pilzen und anderen Lebewesen vor, die jedoch unter Kontrolle gehalten werden und nicht zu Symptomen und Krankheiten f\u00fchren. Eine \u00c4nderung des Milieus l\u00e4sst diese &#8220;Lebewesen&#8221; ver\u00e4ndern (Pleophormismus) und \u00fcberwuchern.<\/p>\n<p>Rizol ist in der Lage das Darmmilieu, das Bindegewebsmilieu und das Blutmilieu zu reinigen und hat sich im Einsatz gegen pathogene Keime bew\u00e4hrt, vor allem solche, die anaerob, d.h. unter Sauerstoffmangel, leben, wie zB <strong>Candida-Pilze, Bakterien, Viren und Parasiten, sowie bei Tumorzellen.<\/strong><\/p>\n<p><strong>Der Einsatz in unserer Praxis hat sich besonders bew\u00e4hrt bei:<\/strong><\/p>\n<p><strong>&#8211; Borreliose<\/strong><br \/>\n&#8211; Tumore, besonders beim malignen Melanom<br \/>\n&#8211; Hauterkrankungen<br \/>\n&#8211; Zahnerkrankungen, zB bei der Parfodontitis<br \/>\n&#8211; Infektionen des Genitaltraktes<br \/>\n&#8211; ven\u00f6sen Thrombosen<\/p>\n<p>Der Einsatz wird weiter erforscht und ausgedehnt.<\/p>\n","protected":false},"excerpt":{"rendered":"<p>Rizol ist eine Verbindung aus Ozoniden und Bitterstoffen. Ozonide sind eine Mischung aus unges\u00e4ttigten \u00d6len, wie zB Oliven\u00f6len, und Sauerstoff in Form des Ozons. Bitterstoffe sind zB Minz\u00f6l, Geranium\u00f6l, Nelken\u00f6l, Wermut\u00f6l, Walnuss\u00f6l. Der menschliche K\u00f6rper bietet ideale Existenzbedingungen f\u00fcr k\u00f6rperfremde Parasiten aller Art. Auch im gesunden K\u00f6rper kommt eine unglaubliche Vielzahl an Parasitenarten, Bakterien, Pilzen [&hellip;]<\/p>\n","protected":false},"author":4,"featured_media":738,"parent":16,"menu_order":6,"comment_status":"closed","ping_status":"closed","template":"","meta":{"ngg_post_thumbnail":0},"_links":{"self":[{"href":"https:\/\/www.wahrnehmungsraeume.at\/index.php?rest_route=\/wp\/v2\/pages\/376"}],"collection":[{"href":"https:\/\/www.wahrnehmungsraeume.at\/index.php?rest_route=\/wp\/v2\/pages"}],"about":[{"href":"https:\/\/www.wahrnehmungsraeume.at\/index.php?rest_route=\/wp\/v2\/types\/page"}],"author":[{"embeddable":true,"href":"https:\/\/www.wahrnehmungsraeume.at\/index.php?rest_route=\/wp\/v2\/users\/4"}],"replies":[{"embeddable":true,"href":"https:\/\/www.wahrnehmungsraeume.at\/index.php?rest_route=%2Fwp%2Fv2%2Fcomments&post=376"}],"version-history":[{"count":11,"href":"https:\/\/www.wahrnehmungsraeume.at\/index.php?rest_route=\/wp\/v2\/pages\/376\/revisions"}],"predecessor-version":[{"id":745,"href":"https:\/\/www.wahrnehmungsraeume.at\/index.php?rest_route=\/wp\/v2\/pages\/376\/revisions\/745"}],"up":[{"embeddable":true,"href":"https:\/\/www.wahrnehmungsraeume.at\/index.php?rest_route=\/wp\/v2\/pages\/16"}],"wp:featuredmedia":[{"embeddable":true,"href":"https:\/\/www.wahrnehmungsraeume.at\/index.php?rest_route=\/wp\/v2\/media\/738"}],"wp:attachment":[{"href":"https:\/\/www.wahrnehmungsraeume.at\/index.php?rest_route=%2Fwp%2Fv2%2Fmedia&parent=376"}],"curies":[{"name":"wp","href":"https:\/\/api.w.org\/{rel}","templated":true}]}}