{"id":42,"date":"2010-06-02T13:30:19","date_gmt":"2010-06-02T13:30:19","guid":{"rendered":"http:\/\/www.wahrnehmungsraeume.at\/\/wordpress\/?page_id=42"},"modified":"2026-04-20T15:30:50","modified_gmt":"2026-04-20T15:30:50","slug":"organisation","status":"publish","type":"page","link":"https:\/\/www.wahrnehmungsraeume.at\/?page_id=42","title":{"rendered":"Organisation"},"content":{"rendered":"<p><strong>Termine:<\/strong><br>\u2026bitten wir Sie immer telefonisch zu vereinbaren. Sie k\u00f6nnen auch auf unseren Anrufbeantworter sprechen \u2013 wir rufen Sie sicher zur\u00fcck.<br>Um unn\u00f6tige Wartezeiten zu vermeiden, bitten wir Sie, Ihren Termin einzuhalten und diesen p\u00fcnktlich wahrzunehmen. Sollten Sie einmal einen Termin nicht einhalten k\u00f6nnen, bitten wir Sie, diesen bis sp\u00e4testens 48 Stunden (nur Werktage) vorher abzusagen. Bei Nicht-Absage m\u00fcsste dieser in Rechnung gestellt werden (70,-Euro). Danke f\u00fcr Ihr Verst\u00e4ndnis.<\/p>\n<p><strong>Verrechnung:<\/strong><br>In unserer Privatpraxis besteht die M\u00f6glichkeit, bar oder mit Bankomat zu bezahlen. Um f\u00fcr Sie den \u00dcberblick zu bewahren, stellen wir immer sofort nach Leistungserbringung eine detailiierte Rechnung aus, die Ihnen die Assistentin gerne erkl\u00e4rt.<\/p>\n<p><strong>Kontakt und Information<\/strong><\/p>\n<p>Dr. Oskar Demmer<br>01-5228080<\/p>\n<p>Susanne Demmer<br>0664 9466007<\/p>\n<p>E-mail: oskar.demmer@gmx.at ; susanne.demmer@wnr.at<\/p>\n\n\n<p><\/p>\n","protected":false},"excerpt":{"rendered":"<p>Termine:\u2026bitten wir Sie immer telefonisch zu vereinbaren. Sie k\u00f6nnen auch auf unseren Anrufbeantworter sprechen \u2013 wir rufen Sie sicher zur\u00fcck.Um unn\u00f6tige Wartezeiten zu vermeiden, bitten wir Sie, Ihren Termin einzuhalten und diesen p\u00fcnktlich wahrzunehmen. Sollten Sie einmal einen Termin nicht einhalten k\u00f6nnen, bitten wir Sie, diesen bis sp\u00e4testens 48 Stunden (nur Werktage) vorher abzusagen. Bei [&hellip;]<\/p>\n","protected":false},"author":1,"featured_media":0,"parent":0,"menu_order":9,"comment_status":"closed","ping_status":"closed","template":"","meta":{"ngg_post_thumbnail":0},"_links":{"self":[{"href":"https:\/\/www.wahrnehmungsraeume.at\/index.php?rest_route=\/wp\/v2\/pages\/42"}],"collection":[{"href":"https:\/\/www.wahrnehmungsraeume.at\/index.php?rest_route=\/wp\/v2\/pages"}],"about":[{"href":"https:\/\/www.wahrnehmungsraeume.at\/index.php?rest_route=\/wp\/v2\/types\/page"}],"author":[{"embeddable":true,"href":"https:\/\/www.wahrnehmungsraeume.at\/index.php?rest_route=\/wp\/v2\/users\/1"}],"replies":[{"embeddable":true,"href":"https:\/\/www.wahrnehmungsraeume.at\/index.php?rest_route=%2Fwp%2Fv2%2Fcomments&post=42"}],"version-history":[{"count":18,"href":"https:\/\/www.wahrnehmungsraeume.at\/index.php?rest_route=\/wp\/v2\/pages\/42\/revisions"}],"predecessor-version":[{"id":2435,"href":"https:\/\/www.wahrnehmungsraeume.at\/index.php?rest_route=\/wp\/v2\/pages\/42\/revisions\/2435"}],"wp:attachment":[{"href":"https:\/\/www.wahrnehmungsraeume.at\/index.php?rest_route=%2Fwp%2Fv2%2Fmedia&parent=42"}],"curies":[{"name":"wp","href":"https:\/\/api.w.org\/{rel}","templated":true}]}}