{"id":48,"date":"2010-06-02T13:31:08","date_gmt":"2010-06-02T13:31:08","guid":{"rendered":"http:\/\/www.wahrnehmungsraeume.at\/\/wordpress\/?page_id=48"},"modified":"2022-09-10T14:05:25","modified_gmt":"2022-09-10T14:05:25","slug":"anmeldung","status":"publish","type":"page","link":"https:\/\/www.wahrnehmungsraeume.at\/?page_id=48","title":{"rendered":"Anmeldung und R\u00fccktritt bei Seminaren"},"content":{"rendered":"<p>Jutta Dvoracek, Westbahnstrasse 56-58, 1070 Wien<br \/>\nTel.: 01 522 80 80, E-Mail: jutta.dvoracek@gmx.de<br \/>\n<strong>Kontoverbindung:<br \/>\n<\/strong>Dr. Demmer KG<br \/>\nIBAN AT712011130035133788, Swift-Code GIBAATWW<\/p>\n<p>Anmeldungen sind g\u00fcltig bei \u00dcberweisung der Seminargeb\u00fchr auf obenstehendes Konto oder schriftlicher Anmeldung per Post, Fax oder Mail mit folgendem Text: Ich melde mich verbindlich zum &#8230;. an. Die Teilnahme- und R\u00fccktrittsbestimmungen sowie den Text der Eigenverantwortung habe ich zur Kenntnis genommen und erkl\u00e4re mich damit einverstanden. Vorname, Name \/ Adresse \/ Telefonnummer, Handy-Nr., E-Mail \/ Datum und Unterschrift. Sollten Sie auf der Warteliste stehen, werden Sie informiert. Eine Anmeldebest\u00e4tigung wird nicht verschickt.<\/p>\n<p><strong>R\u00fccktritt<\/strong><br \/>\nBei R\u00fccktritt, aus welchen Gr\u00fcnden auch immer, gelten folgende Bedingungen: ab 4 Wochen 100,- Euro Bearbeitungsgeb\u00fchr, ab 2 Wochen keine R\u00fcckerstattung der Seminargeb\u00fchr.<br \/>\nBei der Visionssuche gelten folgende Bedingungen: ab 8 Wochen davor 100 Euro Bearbeitungsgeb\u00fchr, ab 4 Wochen davor keine R\u00fcckerstattung der Seminargeb\u00fchr.<br \/>\n<strong>Die Abmeldung muss schriftlich erfolgen.<br \/>\n<\/strong>Wenn das Seminar angetreten und vorzeitig abgebrochen wird, gibt es keine R\u00fcckerstattung der Kosten.<\/p>\n<p><strong>Eigenverantwortung<\/strong><br \/>\nDie Seminare sind kein Ersatz f\u00fcr psychotherapeutisches Begleiten bei Krisen und pers\u00f6nlichen Problemen. Sie dienen der Selbsterfahrung. Jeder Teilnehmer\/in tr\u00e4gt selbst die volle Verantwortung f\u00fcr seine Erfahrungen und Aktivit\u00e4ten w\u00e4hrend und nach dem Seminar.<br \/>\nSollte die Notwendigkeit oder der Wunsch f\u00fcr eine pers\u00f6nliche Begleitung bestehen, wende dich an die Seminarleiter.<\/p>\n<p><strong>Bitte mitbringen<\/strong><br \/>\neigene Decke, Leintuch, Handtuch, Socken, evtl. Wechselgewand, lockere Kleidung, Schreibheft, Malblock, Malsachen, Augenbinde, Kraftgegenstand<\/p>\n<p>Zus\u00e4tzlich f\u00fcr Seminare in Rastenberg: warme Kleidung, Regenkleidung, feste Schuhe, Hausschuhe, evtl. warme Socken, Taschenlampe.<\/p>\n<p>Zus\u00e4tzlich f\u00fcr Heldenreise, Drachenkampf: einfaches Kost\u00fcm zur Drachenkleidung, ein heldisches Festgewand, ein lautes Instrument.<\/p>\n","protected":false},"excerpt":{"rendered":"<p>Jutta Dvoracek, Westbahnstrasse 56-58, 1070 Wien Tel.: 01 522 80 80, E-Mail: jutta.dvoracek@gmx.de Kontoverbindung: Dr. Demmer KG IBAN AT712011130035133788, Swift-Code GIBAATWW Anmeldungen sind g\u00fcltig bei \u00dcberweisung der Seminargeb\u00fchr auf obenstehendes Konto oder schriftlicher Anmeldung per Post, Fax oder Mail mit folgendem Text: Ich melde mich verbindlich zum &#8230;. an. Die Teilnahme- und R\u00fccktrittsbestimmungen sowie den [&hellip;]<\/p>\n","protected":false},"author":1,"featured_media":1739,"parent":42,"menu_order":3,"comment_status":"closed","ping_status":"closed","template":"","meta":{"ngg_post_thumbnail":0},"_links":{"self":[{"href":"https:\/\/www.wahrnehmungsraeume.at\/index.php?rest_route=\/wp\/v2\/pages\/48"}],"collection":[{"href":"https:\/\/www.wahrnehmungsraeume.at\/index.php?rest_route=\/wp\/v2\/pages"}],"about":[{"href":"https:\/\/www.wahrnehmungsraeume.at\/index.php?rest_route=\/wp\/v2\/types\/page"}],"author":[{"embeddable":true,"href":"https:\/\/www.wahrnehmungsraeume.at\/index.php?rest_route=\/wp\/v2\/users\/1"}],"replies":[{"embeddable":true,"href":"https:\/\/www.wahrnehmungsraeume.at\/index.php?rest_route=%2Fwp%2Fv2%2Fcomments&post=48"}],"version-history":[{"count":26,"href":"https:\/\/www.wahrnehmungsraeume.at\/index.php?rest_route=\/wp\/v2\/pages\/48\/revisions"}],"predecessor-version":[{"id":1740,"href":"https:\/\/www.wahrnehmungsraeume.at\/index.php?rest_route=\/wp\/v2\/pages\/48\/revisions\/1740"}],"up":[{"embeddable":true,"href":"https:\/\/www.wahrnehmungsraeume.at\/index.php?rest_route=\/wp\/v2\/pages\/42"}],"wp:featuredmedia":[{"embeddable":true,"href":"https:\/\/www.wahrnehmungsraeume.at\/index.php?rest_route=\/wp\/v2\/media\/1739"}],"wp:attachment":[{"href":"https:\/\/www.wahrnehmungsraeume.at\/index.php?rest_route=%2Fwp%2Fv2%2Fmedia&parent=48"}],"curies":[{"name":"wp","href":"https:\/\/api.w.org\/{rel}","templated":true}]}}