{"id":5,"date":"2010-06-02T13:24:39","date_gmt":"2010-06-02T13:24:39","guid":{"rendered":"http:\/\/www.wahrnehmungsraeume.at\/\/wordpress\/?page_id=5"},"modified":"2022-09-11T13:26:54","modified_gmt":"2022-09-11T13:26:54","slug":"dr-oskar-demmer","status":"publish","type":"page","link":"https:\/\/www.wahrnehmungsraeume.at\/?page_id=5","title":{"rendered":"Dr. med. univ. Oskar Paul Demmer"},"content":{"rendered":"\n<div class=\"wp-block-columns is-layout-flex wp-container-2\">\n<div class=\"wp-block-column is-layout-flow\">\n<div class=\"wp-block-media-text alignwide is-stacked-on-mobile is-image-fill\"><figure class=\"wp-block-media-text__media\" style=\"background-image:url(http:\/\/www.wahrnehmungsraeume.at\/wp-content\/uploads\/2022\/09\/Oskar-1-2-scaled.jpg);background-position:50% 50%\"><img decoding=\"async\" loading=\"lazy\" width=\"2560\" height=\"1707\" src=\"http:\/\/www.wahrnehmungsraeume.at\/wp-content\/uploads\/2022\/09\/Oskar-1-2-scaled.jpg\" alt=\"\" class=\"wp-image-1509\"\/><\/figure><div class=\"wp-block-media-text__content\">\n<p>geb. 23.11.1963<br>verheiratet, Vater von 3 Kindern \u2013 Florian, Stephan, Sophia<br>Arzt f\u00fcr Allgemeinmedizin, Hom\u00f6opath, Akupunkteur<br>Initiatischer Therapeut<br>Visionssucheleiter<\/p>\n<\/div><\/div>\n\n\n\n<hr class=\"wp-block-separator has-text-color has-background has-cyan-bluish-gray-background-color has-cyan-bluish-gray-color is-style-wide\"\/>\n\n\n\n<p><\/p>\n<\/div>\n<\/div>\n\n\n<p><strong>Ausbildung:<\/strong><\/p>\n<p>1982 <strong>Matura <\/strong>im Schottengymnasium Wien<br>1982-1989 <strong>Studium der Medizin<\/strong> an der Universit\u00e4t Wien, Studienassistent am Anatomischen Institut<br>Ausbildung zum Milit\u00e4ran\u00e4sthesist<br>Turnus in verschiedenen Spit\u00e4lern in Wien, AKH Wien, KH Amstetten<br>Notarztausbildung<br>Einj\u00e4hriger Kapstadtaufenthalt \u2013 Kinderklinik und Akupunkturpraxis Dr. Ted Samson<br>Seit 1995 eigene <strong>Allgemeinmedizinische Praxis<br><\/strong>1996-2005 Ausbildung zum<strong> Initiatischen und Transpersonalen Therapeuten<\/strong> nach Graf D\u00fcrckheim im Zentrum Metafor Starnberg\/M\u00fcnchen<br>2002 Ausbildung zum <strong>Visionssuche-Leiter<\/strong> bei Steven Foster und Meredith Little, School of Lost Borders, Californien<\/p>\n<p><strong>Zus\u00e4tzliche Ausbildungen:<\/strong><br><strong>Hom\u00f6opathie und Nosodentherapie<\/strong> \u2013 \u201eAusbildung\u201c bei Dr. Walter Demmer<br><strong>Akupunktur<\/strong> \u2013 Gesellschaft f\u00fcr Akupunktur und Aurikulomedizin Prof. Dr. Bahr<br><strong>Schwermetallausleitung<\/strong> \u2013 Dr. Daunderer, D<br><strong>Ern\u00e4hrungsberatung<\/strong> \u2013 S\u00e4ureBasenHaushalt nach Dr. Sander und F.X.Mayr<br><strong>Orthomolekulare Medizin<\/strong> \u2013 Therapie der Vitamine, Spurenelemente, Fetts\u00e4uren und Mineralstoffen<br>Wasseraufbereitung, Wassersanierung<\/p>\n<p>Ausbildung f\u00fcr <strong>Chakren- und Energiearbeit<\/strong> bei Nora Henke-Mayer, D<br>Ausbildung in<strong> Hypnose<\/strong>, Deutsche Gesellschaft f\u00fcr Hypnotherapie<br>seit 2008 Teilnehmer am <strong>Open Path Training<\/strong> \u2013 Spirituelle Schule des Erwachens, Elias Amidon<br><strong>Systemische Aufstellungsarbeit<\/strong> bei Erika Sch\u00e4fer, Norbert Mayer, Bert Hellinger.<br>Ausbildung <strong>Klangtherapie auf dem Somachord<\/strong> nach Hans-Peter Klein.<br><strong>Tantrisches Training<\/strong> im Aruna Institut, D, und im Institut YabYum<\/p>","protected":false},"excerpt":{"rendered":"<p>geb. 23.11.1963verheiratet, Vater von 3 Kindern \u2013 Florian, Stephan, SophiaArzt f\u00fcr Allgemeinmedizin, Hom\u00f6opath, AkupunkteurInitiatischer TherapeutVisionssucheleiter Ausbildung: 1982 Matura im Schottengymnasium Wien1982-1989 Studium der Medizin an der Universit\u00e4t Wien, Studienassistent am Anatomischen InstitutAusbildung zum Milit\u00e4ran\u00e4sthesistTurnus in verschiedenen Spit\u00e4lern in Wien, AKH Wien, KH AmstettenNotarztausbildungEinj\u00e4hriger Kapstadtaufenthalt \u2013 Kinderklinik und Akupunkturpraxis Dr. Ted SamsonSeit 1995 eigene Allgemeinmedizinische Praxis1996-2005 [&hellip;]<\/p>\n","protected":false},"author":1,"featured_media":1628,"parent":3,"menu_order":0,"comment_status":"closed","ping_status":"closed","template":"","meta":{"ngg_post_thumbnail":0},"_links":{"self":[{"href":"https:\/\/www.wahrnehmungsraeume.at\/index.php?rest_route=\/wp\/v2\/pages\/5"}],"collection":[{"href":"https:\/\/www.wahrnehmungsraeume.at\/index.php?rest_route=\/wp\/v2\/pages"}],"about":[{"href":"https:\/\/www.wahrnehmungsraeume.at\/index.php?rest_route=\/wp\/v2\/types\/page"}],"author":[{"embeddable":true,"href":"https:\/\/www.wahrnehmungsraeume.at\/index.php?rest_route=\/wp\/v2\/users\/1"}],"replies":[{"embeddable":true,"href":"https:\/\/www.wahrnehmungsraeume.at\/index.php?rest_route=%2Fwp%2Fv2%2Fcomments&post=5"}],"version-history":[{"count":23,"href":"https:\/\/www.wahrnehmungsraeume.at\/index.php?rest_route=\/wp\/v2\/pages\/5\/revisions"}],"predecessor-version":[{"id":1638,"href":"https:\/\/www.wahrnehmungsraeume.at\/index.php?rest_route=\/wp\/v2\/pages\/5\/revisions\/1638"}],"up":[{"embeddable":true,"href":"https:\/\/www.wahrnehmungsraeume.at\/index.php?rest_route=\/wp\/v2\/pages\/3"}],"wp:featuredmedia":[{"embeddable":true,"href":"https:\/\/www.wahrnehmungsraeume.at\/index.php?rest_route=\/wp\/v2\/media\/1628"}],"wp:attachment":[{"href":"https:\/\/www.wahrnehmungsraeume.at\/index.php?rest_route=%2Fwp%2Fv2%2Fmedia&parent=5"}],"curies":[{"name":"wp","href":"https:\/\/api.w.org\/{rel}","templated":true}]}}