{"id":50,"date":"2010-06-02T13:31:25","date_gmt":"2010-06-02T13:31:25","guid":{"rendered":"http:\/\/www.wahrnehmungsraeume.at\/\/wordpress\/?page_id=50"},"modified":"2022-09-14T12:04:01","modified_gmt":"2022-09-14T12:04:01","slug":"seminarorte","status":"publish","type":"page","link":"https:\/\/www.wahrnehmungsraeume.at\/?page_id=50","title":{"rendered":"Seminarorte"},"content":{"rendered":"<h3>Wahrnehmungsr\u00e4ume \u2013 Zentrum f\u00fcr Gesundheit, Kommunikation und Bewegung<\/h3>\n<p>Seminarraum und Ordination<br \/>\nWestbahnstrasse 56-58<br \/>\n1070 Wien<br \/>\nzu erreichen: U6 Burggasse\/Stadthalle, Strassenbahnlinie 49, 5<\/p>\n<h3>Gauguschm\u00fchle<\/h3>\n<p>3814 Aigen<br \/>\nTel. 0650 7783284<br \/>\nE-Mail: seminarhaus@gauguschm\u00fchle.at<br \/>\n<a href=\"https:\/\/www.gauguschmuehle.at\/\" target=\"_blank\" rel=\"noopener noreferrer\">www.gauguschm\u00fchle.at<\/a><\/p>\n<h3>Mallorca, Finca &#8220;Alegria&#8221;<\/h3>\n<p>St. Llorence, N\u00e4he Manacor, Mallorca, Spanien<br \/>\nTel. 06649466007, <a href=\"mailto:susanne.demmer@wnr.at\">susanne.demmer@wnr.at<\/a><\/p>\n","protected":false},"excerpt":{"rendered":"<p>Wahrnehmungsr\u00e4ume \u2013 Zentrum f\u00fcr Gesundheit, Kommunikation und Bewegung Seminarraum und Ordination Westbahnstrasse 56-58 1070 Wien zu erreichen: U6 Burggasse\/Stadthalle, Strassenbahnlinie 49, 5 Gauguschm\u00fchle 3814 Aigen Tel. 0650 7783284 E-Mail: seminarhaus@gauguschm\u00fchle.at www.gauguschm\u00fchle.at Mallorca, Finca &#8220;Alegria&#8221; St. Llorence, N\u00e4he Manacor, Mallorca, Spanien Tel. 06649466007, susanne.demmer@wnr.at<\/p>\n","protected":false},"author":1,"featured_media":1681,"parent":42,"menu_order":4,"comment_status":"closed","ping_status":"closed","template":"","meta":{"ngg_post_thumbnail":0},"_links":{"self":[{"href":"https:\/\/www.wahrnehmungsraeume.at\/index.php?rest_route=\/wp\/v2\/pages\/50"}],"collection":[{"href":"https:\/\/www.wahrnehmungsraeume.at\/index.php?rest_route=\/wp\/v2\/pages"}],"about":[{"href":"https:\/\/www.wahrnehmungsraeume.at\/index.php?rest_route=\/wp\/v2\/types\/page"}],"author":[{"embeddable":true,"href":"https:\/\/www.wahrnehmungsraeume.at\/index.php?rest_route=\/wp\/v2\/users\/1"}],"replies":[{"embeddable":true,"href":"https:\/\/www.wahrnehmungsraeume.at\/index.php?rest_route=%2Fwp%2Fv2%2Fcomments&post=50"}],"version-history":[{"count":26,"href":"https:\/\/www.wahrnehmungsraeume.at\/index.php?rest_route=\/wp\/v2\/pages\/50\/revisions"}],"predecessor-version":[{"id":1799,"href":"https:\/\/www.wahrnehmungsraeume.at\/index.php?rest_route=\/wp\/v2\/pages\/50\/revisions\/1799"}],"up":[{"embeddable":true,"href":"https:\/\/www.wahrnehmungsraeume.at\/index.php?rest_route=\/wp\/v2\/pages\/42"}],"wp:featuredmedia":[{"embeddable":true,"href":"https:\/\/www.wahrnehmungsraeume.at\/index.php?rest_route=\/wp\/v2\/media\/1681"}],"wp:attachment":[{"href":"https:\/\/www.wahrnehmungsraeume.at\/index.php?rest_route=%2Fwp%2Fv2%2Fmedia&parent=50"}],"curies":[{"name":"wp","href":"https:\/\/api.w.org\/{rel}","templated":true}]}}