{"id":522,"date":"2011-10-04T14:08:45","date_gmt":"2011-10-04T14:08:45","guid":{"rendered":"http:\/\/www.wahrnehmungsraeume.at\/?page_id=522"},"modified":"2023-09-13T13:57:18","modified_gmt":"2023-09-13T13:57:18","slug":"seminare-im-kreislauf-des-medizinrades","status":"publish","type":"page","link":"https:\/\/www.wahrnehmungsraeume.at\/?page_id=522","title":{"rendered":"Seminare im Kreislauf des Medizinrades"},"content":{"rendered":"<h3>Von der Wut&nbsp;zur Liebe<\/h3>\n<p>Wut geh\u00f6rt zu den ungeliebten Gef\u00fchlen und ist nicht gesellschaftsf\u00e4hig. Wenn einer sagt, er sp\u00fcrt keine Wut, so hat er sich angepasst und sie unterdr\u00fcckt aus Angst, die zu verlieren, die er liebt. Er l\u00e4sst \u00fcber seine Grenzen gehen und tut alles f\u00fcr andere, bis es ihm viel zuviel ist, er dem anderen b\u00f6se ist und die Liebe nicht mehr sp\u00fcren kann. Manchmal zeigt sich die Wut auch&nbsp;als zerst\u00f6rerische Kraft, die wie ein Vulkan aus der Tiefe&nbsp;hervorbricht. Ob angepasst oder zerst\u00f6rerisch: es entsteht daraus Trotz, Hass, Gef\u00fchlsleere und Depression, der K\u00f6rper wird hart, verspantn und in Folge krank. Erkennen wir unsere Wut an, kehren zur Entstehung zur\u00fcck und finden einen Ausdruck daf\u00fcr, kommen wir zu tiefer Trauer, die es anzuschauen gilt. Entspannung stellt sich ein, Einsamkeit weicht dem Gef\u00fchl des Aufgehobenseins und Liebe kann wieder flie\u00dfen.<\/p>\n<p><a href=\"https:\/\/www.wahrnehmungsraeume.at\/?page_id=52\">Aktueller Termin<\/a> f\u00fcr das Seminar &#8220;Von der Wut zur Liebe&#8221;<\/p>\n<h3>Meine Mutter und ich &#8211; Verletzungen und ihre Heilung<\/h3>\n<p>Ja zur Mutter bedeutet Ja zum Leben und zur Welt. F\u00fcr das Baby ist die Mutter die Welt. Es gilt das Kind zu n\u00e4hren, zu sch\u00fctzen, &#8230; bis es auf den eigenen Beinen stehen kann. In dieser fr\u00fchen Zeit haben schmerzhafte Erlebnisse nachhaltige Wirkungen. Oft bleibt das negative Bild der Mutter h\u00e4ngen: Wut, Hass, Traurigkeit, Vorw\u00fcrfe, Forderungen, Gef\u00fchl der Ablehnung, Schuldgef\u00fchle, gefangen im Bannkreis der Mutter mit dem Gef\u00fchl nicht wegzukommen. Die positiven Bilder verblassen und werden vergessen. Doch bevor du dich l\u00f6sen kannst aus der Symbiose mit der Mutter um erwachsen zu werden, gilt es die negativen Bilder anzuschauen und zu verwandeln, damit du die gute Mutter nehmen kannst. Das f\u00fchrt dich zu Mitgef\u00fchl, Z\u00e4rtlichkeit, Intimit\u00e4t und guter Sexualit\u00e4t, Liebe, Geborgenheit und zu deinem Urvertrauen.<\/p>\n<p><a href=\"https:\/\/www.wahrnehmungsraeume.at\/?page_id=52\">Aktueller Termin<\/a>&nbsp;zum Seminar &#8220;Meine Mutter und ich&#8221;<\/p>\n<h3>Mein Vater und ich &#8211; Verletzungen und ihre Heilung<\/h3>\n<p>Der Vater, der selten Anwesende, ist oft das gro\u00dfe Problem der Abl\u00f6sung. Der, welcher uns die Welt von au\u00dfen vermittelt, der du dich anzupassen hast oder dagegen rebellieren musst. Du bleibst abh\u00e4ngig in Sohn- und Tochterschaft, solange der Vater vor dir steht und dir den Weg in die Freiheit versperrt. Doch Ja zum Vater bedeutet ein Sich-behaupten-k\u00f6nnen in der Welt und im Beruf, auch ein Ja zum Geist und der spirituellen Kraft. Der Zugang zum Vater er\u00f6ffnet Klarheit und Handlungsf\u00e4higkeit, Offenheit und Abgrenzung. Der Sohn findet den guten Vater in sich und kann Mann werden. Die Tochter entbindet sich aus der Rolle der &#8220;Prinzessin&#8221; oder l\u00f6st sich aus der durch athmosph\u00e4rischen oder vollzogenen Missbrauch entstandenen Bindung und wird offen f\u00fcr eine gelingende Partnerschaft. Schlussendlich bilden die Eltern die Verbindung zu unserer Ahnenkraft.<\/p>\n<p><a href=\"https:\/\/www.wahrnehmungsraeume.at\/?page_id=52\">Aktueller Termin<\/a>&nbsp;f\u00fcr das Seminar &#8220;Mein Vater und ich&#8221;<\/p>\n<h3>Heldenreise &#8211; Drachenkampf<\/h3>\n<p>Der Held\/die Heldin zieht aus, um auf seiner\/ihrer mythischen Abenteuerfahrt Pr\u00fcfungen zu bestehen und begegnet dem Drachen, d.h. dem Schattenwesen ihrer ungeliebten Seite eines jeden in uns. Ein neuer Zugang zu dieser dunklen Seite findet statt. Dadurch kommt es zur Entwicklung. Die Bew\u00e4ltigung der Pr\u00fcfungen durch den Helden kommt der T\u00f6tung oder besser der Verwandlung des Drachen gleich. Denn die Kraft (zum Leben) kommt aus der dunklen Drachenseite. Am Schluss kommt es zwischen Held und Drache zum Drachentanz. Der Schatz, den der Held mitbringt, wird f\u00fcr ihn und seine Gemeinschaft zum Heil. Der Drachenkampf ist symbolisch die Befreiung von der Mutter und der Mutterbauchh\u00f6hle.<\/p>\n<p>Der J\u00fcngling reift zum Mann, das M\u00e4dchen zur Frau. Doch der Drache kann Mutter, Vater oder Partner sein. Er hat viele Gestalten.<\/p>\n<p><a href=\"https:\/\/www.wahrnehmungsraeume.at\/?page_id=52\">Aktueller Termin<\/a> f\u00fcr das Seminar &#8220;Heldenreise-Drachenkampf&#8221;<\/p>\n<h3>VisionQuest\/Visionssuche<\/h3>\n<p>Visionssuche ist ein altes und vielen Kulturen bekanntes Intitiationsritual. Initiation hei\u00dft Neubeginn. Es bedeutet &#8220;das Tor zum Geheimen \u00f6ffnen&#8221; (D\u00fcrckheim). Das Geheime ist das innerste Wesen. Auf einer Reise nach innen entdeckst du deine inneren Sch\u00e4tze: Klarheit, Mut, Liebe, Beziehungsf\u00e4higkeit, Freude, Gl\u00fcck, Sinnlichkeit, Kraft, Kreativit\u00e4t, Erfolg, &#8230; f\u00fcr Erwachsene, junge Erwachsene ab 16, Menschen mit Erkrankung<\/p>\n<p><a href=\"https:\/\/www.wahrnehmungsraeume.at\/?page_id=32\">Mehr Informationen<\/a>&nbsp;zur Visionssuche<\/p>\n<p><a href=\"https:\/\/www.wahrnehmungsraeume.at\/?page_id=52\">Aktueller Termin<\/a>f\u00fcr das Seminar &#8220;Visionssuche&#8221;<\/p>\n","protected":false},"excerpt":{"rendered":"<p>Von der Wut&nbsp;zur Liebe Wut geh\u00f6rt zu den ungeliebten Gef\u00fchlen und ist nicht gesellschaftsf\u00e4hig. Wenn einer sagt, er sp\u00fcrt keine Wut, so hat er sich angepasst und sie unterdr\u00fcckt aus Angst, die zu verlieren, die er liebt. Er l\u00e4sst \u00fcber seine Grenzen gehen und tut alles f\u00fcr andere, bis es ihm viel zuviel ist, er [&hellip;]<\/p>\n","protected":false},"author":4,"featured_media":752,"parent":31,"menu_order":2,"comment_status":"closed","ping_status":"closed","template":"","meta":{"ngg_post_thumbnail":0},"_links":{"self":[{"href":"https:\/\/www.wahrnehmungsraeume.at\/index.php?rest_route=\/wp\/v2\/pages\/522"}],"collection":[{"href":"https:\/\/www.wahrnehmungsraeume.at\/index.php?rest_route=\/wp\/v2\/pages"}],"about":[{"href":"https:\/\/www.wahrnehmungsraeume.at\/index.php?rest_route=\/wp\/v2\/types\/page"}],"author":[{"embeddable":true,"href":"https:\/\/www.wahrnehmungsraeume.at\/index.php?rest_route=\/wp\/v2\/users\/4"}],"replies":[{"embeddable":true,"href":"https:\/\/www.wahrnehmungsraeume.at\/index.php?rest_route=%2Fwp%2Fv2%2Fcomments&post=522"}],"version-history":[{"count":38,"href":"https:\/\/www.wahrnehmungsraeume.at\/index.php?rest_route=\/wp\/v2\/pages\/522\/revisions"}],"predecessor-version":[{"id":2022,"href":"https:\/\/www.wahrnehmungsraeume.at\/index.php?rest_route=\/wp\/v2\/pages\/522\/revisions\/2022"}],"up":[{"embeddable":true,"href":"https:\/\/www.wahrnehmungsraeume.at\/index.php?rest_route=\/wp\/v2\/pages\/31"}],"wp:featuredmedia":[{"embeddable":true,"href":"https:\/\/www.wahrnehmungsraeume.at\/index.php?rest_route=\/wp\/v2\/media\/752"}],"wp:attachment":[{"href":"https:\/\/www.wahrnehmungsraeume.at\/index.php?rest_route=%2Fwp%2Fv2%2Fmedia&parent=522"}],"curies":[{"name":"wp","href":"https:\/\/api.w.org\/{rel}","templated":true}]}}