{"id":533,"date":"2011-10-04T14:16:46","date_gmt":"2011-10-04T14:16:46","guid":{"rendered":"http:\/\/www.wahrnehmungsraeume.at\/?page_id=533"},"modified":"2023-09-13T13:53:16","modified_gmt":"2023-09-13T13:53:16","slug":"seminare-fur-frauen","status":"publish","type":"page","link":"https:\/\/www.wahrnehmungsraeume.at\/?page_id=533","title":{"rendered":"Seminare f\u00fcr Frauen\/ M\u00e4nner"},"content":{"rendered":"<p><strong><a href=\"http:\/\/www.wahrnehmungsraeume.at\/wp-content\/uploads\/2013\/03\/Sonne-Schnee-home-mitte.jpg\"><br \/>\n<\/a>Raum und Zeit f\u00fcr Weiblichkeit &#8211; Im Kreis der Frauen<\/strong><\/p>\n<p>Wir Frauen identifizieren uns heute \u00fcber die Rollen, die wir spielen &#8211; perfekte Ehefrau und Mutter, Liebhaberin, Karrierefrau, &#8230; Dabei haben wir uns von unserer urspr\u00fcnglichen Weiblichkeit, unseren Gef\u00fchlen, unserer Hingabe- und Liebesf\u00e4higkeit, unserer Intuition und Leidenschaft abgeschnitten. Wir haben verlernt, zu vertrauen &#8211; dem Leben, den M\u00e4nnern, unserem K\u00f6rper. Im Seminar schauen wir die Verletzungen an, die dich daran hindern, voll und ganz zu leben. Missbrauch, Gewalt und Unterdr\u00fcckung, dieses Gef\u00fchl, nicht richtig zu sein, nicht zu gen\u00fcgen.<br \/>\nDamit du wieder im Kreise der Frauen deinen Platz einnimmst um deine Weiblichkeit, die erdige, verspielte, m\u00e4chtige und alles erschaffende Urenergie in dir, zu leben.<\/p>\n<p><a href=\"https:\/\/www.wahrnehmungsraeume.at\/?page_id=52\">Aktueller Termin<\/a> f\u00fcr das Seminar &#8220;Raum und Zeit f\u00fcr Weiblichkeit &#8211; Im Kreis der Frauen&#8221;<\/p>\n<p><span style=\"color: #e7e7e7;\">x<\/span><\/p>\n<p><strong>Raum und Zeit f\u00fcr Weiblichkeit &#8211; Mein K\u00f6rper und ich<\/strong><\/p>\n<p>Jede Frau tr\u00e4gt das Potenzial in sich ihre Sexualit\u00e4t, ihre Ekstase voll und ganz zu leben. F\u00fcr jede Frau gibt es die M\u00f6glichkeit sich ganz in ihrem K\u00f6rper zu Hause zu f\u00fchlen, ihn zu lieben wie er ist &#8211; und damit sich selbst zu lieben, sich wohlzuf\u00fchlen und sich selbst und ihrem K\u00f6rper ganz zuzustimmen, sich nicht zu verstecken, ihre sexuelle Energie frei schwingen zu lassen, frei zu leben. Doch viele Frauen erleben sich von ihrem K\u00f6rper getrennt, haben das Gef\u00fchl f\u00fcr ihren K\u00f6rper und ganz oft speziell f\u00fcr ihre Vagina verloren.<br \/>\nIm Kreis der Frauen schauen wir die Verletzungen an, die deinen K\u00f6rper, Spiegel deiner Seele, hart, schmerzhaft und krank gemacht haben. Hier ist der Ort, wo Verletzungen sichtbar werden als Verspannungen, Schmerzen und Krankheiten. Dein K\u00f6rper \u00f6ffnet sich, wird ganz weit und weich und darf sich entspannen.<br \/>\nDu darfst deinen K\u00f6rper kennen- und lieben lernen um einen Zugang zu dir als sinnlich-erotisch-sexuelles Wesen, zu deinem Urvertrauen, deiner Weiblichkeit, deiner Zartheit, Anmut und Liebe zu bekommen.<\/p>\n<p><a href=\"https:\/\/www.wahrnehmungsraeume.at\/?page_id=52\">Aktueller Termin<\/a>&nbsp;f\u00fcr das Seminar &#8220;Raum und Zeit f\u00fcr Weiblichkeit &#8211; Mein K\u00f6rper und ich&#8221;<\/p>\n<p><strong>Der wilde Mann &#8211; M\u00e4nnerseminar<\/strong><\/p>\n<p>Was heisst es Mann zu sein? Gesetze, Regeln und Vorschriften haben die m\u00e4nnliche Natur gez\u00e4hmt und sie verf\u00fcgbar gemacht. Der Mann im ausklingenden Zeitalter des Patriachats ist entweder rational gepr\u00e4gt, seelenlos, gottlos und definiert sich \u00fcber Ratio und Leistung. Von der \u00e4u\u00dferen Natur und von seiner eigenen animistischen beseelten Natur in sich entfremdet, folgt er einer Wissenschaftsgl\u00e4ubigkeit,&nbsp; die dem Materiellen dient und in ihr die einzige Erf\u00fcllung sieht. Oder er sehnt sich nach dem Kind- und Jugend-Dasein, ohne Veranwortung und leichtlebig. Seine V\u00e4ter sind abwesend und m\u00fcssen sich im Beruf bew\u00e4hren, mit dramatischen Folgen f\u00fcr sein Seelenleben und seine innere Reifung.<\/p>\n<p>Da ihm die alten Rituale der Initiation zum Erwachsenen abhanden gekommen sind, sucht er m\u00e4nnliche und erwachsene Vorbilder und Mentoren, die nur schwer aufzufinden sind.<br \/>\nWie folgen dem Weg des Mannes in 7 Schritten: das Verh\u00e4ltnis zum Vater bereinigen &#8211; Sexualit\u00e4t als m\u00e4chtige Energiequelle &#8211; das Verh\u00e4ltnis zum Partner auf eine gleichberechtigte Grundlage stellen &#8211; an der Erziehung der Kinder beteiligen &#8211; echte M\u00e4nnerfreundschaften jenseites von Konkurrenz, Prestige, Macht und Kontrolle begr\u00fcnden und erhalten &#8211; eine Arbeit finden, die wirklich befriedigt &#8211; den &#8220;wilden&#8221; Mann in sich &#8211; befreien und hineinf\u00fchren in die Dimension von G\u00f6ttlichkeit und Natur.<br \/>\nAm Ende treffen die M\u00e4nner auf die Frauen &#8211; die beiden sch\u00f6fperischen Energien werden wieder zusammengef\u00fchrt.<\/p>\n<p><a href=\"https:\/\/www.wahrnehmungsraeume.at\/?page_id=52\">Aktueller Termin<\/a> f\u00fcr das Seminar &#8220;Der wilde Mann&#8221;<\/p>\n","protected":false},"excerpt":{"rendered":"<p>Raum und Zeit f\u00fcr Weiblichkeit &#8211; Im Kreis der Frauen Wir Frauen identifizieren uns heute \u00fcber die Rollen, die wir spielen &#8211; perfekte Ehefrau und Mutter, Liebhaberin, Karrierefrau, &#8230; Dabei haben wir uns von unserer urspr\u00fcnglichen Weiblichkeit, unseren Gef\u00fchlen, unserer Hingabe- und Liebesf\u00e4higkeit, unserer Intuition und Leidenschaft abgeschnitten. Wir haben verlernt, zu vertrauen &#8211; dem [&hellip;]<\/p>\n","protected":false},"author":4,"featured_media":752,"parent":31,"menu_order":5,"comment_status":"closed","ping_status":"closed","template":"","meta":{"ngg_post_thumbnail":0},"_links":{"self":[{"href":"https:\/\/www.wahrnehmungsraeume.at\/index.php?rest_route=\/wp\/v2\/pages\/533"}],"collection":[{"href":"https:\/\/www.wahrnehmungsraeume.at\/index.php?rest_route=\/wp\/v2\/pages"}],"about":[{"href":"https:\/\/www.wahrnehmungsraeume.at\/index.php?rest_route=\/wp\/v2\/types\/page"}],"author":[{"embeddable":true,"href":"https:\/\/www.wahrnehmungsraeume.at\/index.php?rest_route=\/wp\/v2\/users\/4"}],"replies":[{"embeddable":true,"href":"https:\/\/www.wahrnehmungsraeume.at\/index.php?rest_route=%2Fwp%2Fv2%2Fcomments&post=533"}],"version-history":[{"count":23,"href":"https:\/\/www.wahrnehmungsraeume.at\/index.php?rest_route=\/wp\/v2\/pages\/533\/revisions"}],"predecessor-version":[{"id":2020,"href":"https:\/\/www.wahrnehmungsraeume.at\/index.php?rest_route=\/wp\/v2\/pages\/533\/revisions\/2020"}],"up":[{"embeddable":true,"href":"https:\/\/www.wahrnehmungsraeume.at\/index.php?rest_route=\/wp\/v2\/pages\/31"}],"wp:featuredmedia":[{"embeddable":true,"href":"https:\/\/www.wahrnehmungsraeume.at\/index.php?rest_route=\/wp\/v2\/media\/752"}],"wp:attachment":[{"href":"https:\/\/www.wahrnehmungsraeume.at\/index.php?rest_route=%2Fwp%2Fv2%2Fmedia&parent=533"}],"curies":[{"name":"wp","href":"https:\/\/api.w.org\/{rel}","templated":true}]}}