{"id":535,"date":"2011-10-04T14:18:40","date_gmt":"2011-10-04T14:18:40","guid":{"rendered":"http:\/\/www.wahrnehmungsraeume.at\/?page_id=535"},"modified":"2014-04-01T07:19:46","modified_gmt":"2014-04-01T07:19:46","slug":"methoden","status":"publish","type":"page","link":"https:\/\/www.wahrnehmungsraeume.at\/?page_id=535","title":{"rendered":"Die Methoden"},"content":{"rendered":"<p>Integrales Atmen<br \/>\nTraumatische Proze\u00dfarbeit<br \/>\nR\u00fcckf\u00fchrungen<br \/>\nBioenergetik<br \/>\nMeditation<br \/>\nNatur\u00fcbungen<br \/>\nRitualarbeit<br \/>\nTantrische Rituale<br \/>\nNLP<\/p>\n","protected":false},"excerpt":{"rendered":"<p>Integrales Atmen Traumatische Proze\u00dfarbeit R\u00fcckf\u00fchrungen Bioenergetik Meditation Natur\u00fcbungen Ritualarbeit Tantrische Rituale NLP<\/p>\n","protected":false},"author":4,"featured_media":0,"parent":895,"menu_order":4,"comment_status":"closed","ping_status":"closed","template":"","meta":{"ngg_post_thumbnail":0},"_links":{"self":[{"href":"https:\/\/www.wahrnehmungsraeume.at\/index.php?rest_route=\/wp\/v2\/pages\/535"}],"collection":[{"href":"https:\/\/www.wahrnehmungsraeume.at\/index.php?rest_route=\/wp\/v2\/pages"}],"about":[{"href":"https:\/\/www.wahrnehmungsraeume.at\/index.php?rest_route=\/wp\/v2\/types\/page"}],"author":[{"embeddable":true,"href":"https:\/\/www.wahrnehmungsraeume.at\/index.php?rest_route=\/wp\/v2\/users\/4"}],"replies":[{"embeddable":true,"href":"https:\/\/www.wahrnehmungsraeume.at\/index.php?rest_route=%2Fwp%2Fv2%2Fcomments&post=535"}],"version-history":[{"count":7,"href":"https:\/\/www.wahrnehmungsraeume.at\/index.php?rest_route=\/wp\/v2\/pages\/535\/revisions"}],"predecessor-version":[{"id":902,"href":"https:\/\/www.wahrnehmungsraeume.at\/index.php?rest_route=\/wp\/v2\/pages\/535\/revisions\/902"}],"up":[{"embeddable":true,"href":"https:\/\/www.wahrnehmungsraeume.at\/index.php?rest_route=\/wp\/v2\/pages\/895"}],"wp:attachment":[{"href":"https:\/\/www.wahrnehmungsraeume.at\/index.php?rest_route=%2Fwp%2Fv2%2Fmedia&parent=535"}],"curies":[{"name":"wp","href":"https:\/\/api.w.org\/{rel}","templated":true}]}}