{"id":7,"date":"2010-06-02T13:24:53","date_gmt":"2010-06-02T13:24:53","guid":{"rendered":"http:\/\/www.wahrnehmungsraeume.at\/\/wordpress\/?page_id=7"},"modified":"2022-09-11T13:26:26","modified_gmt":"2022-09-11T13:26:26","slug":"susanne-demmer","status":"publish","type":"page","link":"https:\/\/www.wahrnehmungsraeume.at\/?page_id=7","title":{"rendered":"Susanne Demmer"},"content":{"rendered":"\n<div class=\"wp-block-media-text alignwide is-stacked-on-mobile is-image-fill\"><figure class=\"wp-block-media-text__media\" style=\"background-image:url(http:\/\/www.wahrnehmungsraeume.at\/wp-content\/uploads\/2022\/09\/Sanne-Portraitshooting-Mai-2012-23-1024x683.jpg);background-position:50% 50%\"><img decoding=\"async\" loading=\"lazy\" width=\"1024\" height=\"683\" src=\"http:\/\/www.wahrnehmungsraeume.at\/wp-content\/uploads\/2022\/09\/Sanne-Portraitshooting-Mai-2012-23-1024x683.jpg\" alt=\"\" class=\"wp-image-1498\"\/><\/figure><div class=\"wp-block-media-text__content\">\n<p>geb. 25.6.1972 verheiratet<br>Mutter von&nbsp;4 Kindern \u2013 Florian, Stephan, Sophia, Marie<br>Dipl. Physiotherapeutin<br>Dipl. Lebens- und Sozialberaterin<br>NLP-Trainerin<br>Visionssucheleiterin<\/p>\n<\/div><\/div>\n\n\n\n<hr class=\"wp-block-separator has-text-color has-background has-cyan-bluish-gray-background-color has-cyan-bluish-gray-color is-style-wide\"\/>\n\n\n\n<p><\/p>\n\n\n\n<h2 class=\"wp-block-heading\"><\/h2>\n\n\n\n<p><\/p>\n\n\n<p style=\"text-align: left;\"><span style=\"font-weight: 600;\">Ausbildung:<\/span><\/p>\n<p style=\"text-align: left;\">1990 <strong>Matura<\/strong><br>1990-1993 Ausbildung zur <strong>Dipl. Physiotherapeutin<br><\/strong>1993-1996 Arbeit im SMZ Sophienspital<br>seit 1996 freiberufliche Arbeit als Physiotherapeutin in der Praxis<br>1998-2002 Ausbildung zur <strong>Dipl. Lebens- und Sozialberaterin<br><\/strong>2004 <strong>Diplom f\u00fcr Erwachsenenbildung<br><\/strong>1998-2004 Ausbildung zur <strong>NLP-Trainerin <\/strong>beim Team Winter, Wien<br>1998-2004 Unterrichtst\u00e4tigkeit als Dipl. Physiotherapeutin und NLP-Trainerin in verschiedenen Krankenh\u00e4usern, Rotes Kreuz<br>seit 2002 als Lebens- und Sozialberaterin&nbsp;selbst\u00e4ndig t\u00e4tig<\/p>\n<p style=\"text-align: left;\"><strong>Zus\u00e4tzliche Ausbildungen:<\/strong><br>Tuina Therapie bei Dr. Meng<br>Bobathkonzept bei Florenze Kraus-Irsigler<br>Fortbildung \u201eUmgang mit Schwerkranken und Sterbenden\u201c, Validation<br>Tapen<br>Funktionelle Bewegungslehre<\/p>\n<p style=\"text-align: left;\"><strong>Systemische Aufstellungsarbeit<\/strong> bei Erika Sch\u00e4fer, Bert Hellinger, Norbert Mayer<br><strong>Reinkarnationstherapieausbildung <\/strong>bei Erika Sch\u00e4fer, D<br><strong>Hypnose- und Tranceausbildung<\/strong> beim Team Winter<br>Ausbildung in <strong>Chakrenenergiearbeit<\/strong> bei Nora Henke-Mayer<br>Fortbildung <strong>Holotropes Atmen <\/strong>bei Stanislav Grof, Ch<br>Fortbildungen in <strong>Modernem&nbsp;Ausdruckstanz\/K\u00f6rperwahrnehmungsarbeit<br>Tantrisches Training<\/strong> im Aruna Institut, D, und im Institut YabYum<\/p>","protected":false},"excerpt":{"rendered":"<p>geb. 25.6.1972 verheiratetMutter von&nbsp;4 Kindern \u2013 Florian, Stephan, Sophia, MarieDipl. PhysiotherapeutinDipl. Lebens- und SozialberaterinNLP-TrainerinVisionssucheleiterin Ausbildung: 1990 Matura1990-1993 Ausbildung zur Dipl. Physiotherapeutin1993-1996 Arbeit im SMZ Sophienspitalseit 1996 freiberufliche Arbeit als Physiotherapeutin in der Praxis1998-2002 Ausbildung zur Dipl. Lebens- und Sozialberaterin2004 Diplom f\u00fcr Erwachsenenbildung1998-2004 Ausbildung zur NLP-Trainerin beim Team Winter, Wien1998-2004 Unterrichtst\u00e4tigkeit als Dipl. Physiotherapeutin und NLP-Trainerin [&hellip;]<\/p>\n","protected":false},"author":1,"featured_media":1628,"parent":3,"menu_order":0,"comment_status":"closed","ping_status":"closed","template":"","meta":{"ngg_post_thumbnail":0},"_links":{"self":[{"href":"https:\/\/www.wahrnehmungsraeume.at\/index.php?rest_route=\/wp\/v2\/pages\/7"}],"collection":[{"href":"https:\/\/www.wahrnehmungsraeume.at\/index.php?rest_route=\/wp\/v2\/pages"}],"about":[{"href":"https:\/\/www.wahrnehmungsraeume.at\/index.php?rest_route=\/wp\/v2\/types\/page"}],"author":[{"embeddable":true,"href":"https:\/\/www.wahrnehmungsraeume.at\/index.php?rest_route=\/wp\/v2\/users\/1"}],"replies":[{"embeddable":true,"href":"https:\/\/www.wahrnehmungsraeume.at\/index.php?rest_route=%2Fwp%2Fv2%2Fcomments&post=7"}],"version-history":[{"count":32,"href":"https:\/\/www.wahrnehmungsraeume.at\/index.php?rest_route=\/wp\/v2\/pages\/7\/revisions"}],"predecessor-version":[{"id":1795,"href":"https:\/\/www.wahrnehmungsraeume.at\/index.php?rest_route=\/wp\/v2\/pages\/7\/revisions\/1795"}],"up":[{"embeddable":true,"href":"https:\/\/www.wahrnehmungsraeume.at\/index.php?rest_route=\/wp\/v2\/pages\/3"}],"wp:featuredmedia":[{"embeddable":true,"href":"https:\/\/www.wahrnehmungsraeume.at\/index.php?rest_route=\/wp\/v2\/media\/1628"}],"wp:attachment":[{"href":"https:\/\/www.wahrnehmungsraeume.at\/index.php?rest_route=%2Fwp%2Fv2%2Fmedia&parent=7"}],"curies":[{"name":"wp","href":"https:\/\/api.w.org\/{rel}","templated":true}]}}