{"id":862,"date":"2013-08-26T08:09:32","date_gmt":"2013-08-26T08:09:32","guid":{"rendered":"http:\/\/www.wahrnehmungsraeume.at\/?page_id=862"},"modified":"2019-08-25T08:02:59","modified_gmt":"2019-08-25T08:02:59","slug":"ausbildung-und-fortbildung-in-initiatischer-therapie","status":"publish","type":"page","link":"https:\/\/www.wahrnehmungsraeume.at\/?page_id=862","title":{"rendered":"Ausbildung in Initiatischer Therapie und GEMEINSCHAFT"},"content":{"rendered":"<p style=\"text-align: center;\"><em>&#8220;Psychotherapie &#8211; authentisch und ehrlich &#8211; muss zu Gemeinschaft f\u00fchren,<br \/>\n<\/em><em>denn Heilung liegt im Gemeinschaftsgeist.&#8221; <\/em><\/p>\n<p style=\"text-align: center;\">Marianne Principi<\/p>\n<h2>Gemeinschaft<\/h2>\n<h4 style=\"text-align: left;\">Unsere Ziele:<\/h4>\n<p>Es geht uns um<\/p>\n<p>. ein gemeinsames Gehen und Zusammenleben in Konfliktlosigkeit<br \/>\n. ein ehrliches Interesse am anderen, wie er ist<br \/>\n. eine Auseinandersetzung mit den Themen, die im N\u00e4herkommen entstehen<br \/>\n. die Liebe, die uns verbindet, erbl\u00fchen und wachsen zu lassen und im Leben zu intergrieren und anders Ausgedr\u00fcckt: Erfahrungen des Einsseins im Alltag zu leben<\/p>\n<h4>Die Anf\u00e4nge im therapeutischen Prozess<\/h4>\n<p>Das Lehrer-Sch\u00fcler-Verh\u00e4ltnis, Therapeut-Klient-Verh\u00e4ltnis ist verf\u00fchrerisch, wiederholt es doch meist nur unser Eltern-Kind-Verh\u00e4ltnis. Therpeut, Lehrer, Klient, Sch\u00fcler sind ein bew\u00e4hrtes Beziehungskonstrukt, das uns wichtige Schritte in der Selbstbeobachtung und Selbsterkenntnis in einem sicheren Rahmen gehen l\u00e4sst, doch irgendwann ist dieser gesch\u00fctzte Hafen zu verlassen.<\/p>\n<p>Ist die Therapie gelungen, stehen sich 2 Allein-Stehende gegen\u00fcber und k\u00f6nnen sich fragen:<br \/>\nWas soll zwischen uns passieren?<\/p>\n<p>Manches ist an diesem Punkt m\u00f6glich:<\/p>\n<p>es entwickelt sich<\/p>\n<p>. eine Arbeitsbezeihung<br \/>\n. eine Liebesbeziehung&gt;<br \/>\n. eine Beziehung in Gemeinschaft als Freunde, die Weggef\u00e4hrten geworden sind und sich weiter auf dem Weg zu inneren Erkenntnis der wahren Natur unterst\u00fctzen wollen, die Freude und Lust aneinander gefunden haben, die sich ein authentisches Berzogensein w\u00fcnschen, die auch andere Lebens- und Tabuthemen erforschen wollen, um zu beobachten, wach und ohne Erwartungen, was ist und wie wir sind. Einfach aus Freude am Leben.<br \/>\n. oder es trennen sich an dem Punkt die Wege.<\/p>\n<h4>Das Wesen von Gemeinschaft:<\/h4>\n<p>Jeder Versuche, eine Ver\u00e4nderung, eine Verbesserung oder Heilung zu bewirken, haben wir mit der Zeit aufgegeben. Man kann nicht ver\u00e4ndern. Man kann nicht helfen. man kann lediglich Zeit miteinander verbringen, und mit dem sein, was ist, die Dinge so nehmen, wie sie sind. Aber gerade darin, in einem Zusammensein ohne jede Absicht, ohne jegliche Ziele, in einem schlichten Zeitverbringen miteinander, in einem freunschaftlichen Zusammensein, geschicht dann erstaundlich viel: Wachstum. Gemeinschaft wird hier die Grundlage gemeinsam Erfahrenes zu teilen und sich auf den Weg gegenseitig zu unterst\u00fctzen. Gemeinschaft als Lebensform, verwirrte Momente da sein lassen k\u00f6nnen, einen Raum, wo alles Platz hat, zum Wohle eines authentischen, gemeinsamen Seins. Es\u00a0 braucht viel Geduld, Vertrauen, Offenheit und Mut diesen meist jahrelangen Prozess des Wachstums zu gehen. Denn Wachstum geht langsam vor sich, alles Nat\u00fcrliche w\u00e4chst fast unmerklich langsam &#8211; so wie B\u00e4ume.<\/p>\n<h4>Tantra und Sexualit\u00e4t<\/h4>\n<p>Wir wende uns dem Thema Sexualit\u00e4t zu, um ihm jenen Stellenwert zu geben, der ihm geb\u00fchrt, und es aus der Tabuzone herauszuholen und ihm die Wichtigkeit zu nehmen, die es in unserer Kultur zu haben scheint (&#8220;M\u00e4nner denken alle 2 Minuten an Sex, Frauen alle 6 Minuten&#8221;) und ihm gleichzeitig die Bedeutung zu geben, die es hat: es ist unsere ur-eigenste Lebensenergie. Bleibt es im Tabu, zeigt sich Sexualit\u00e4t in pervertierter Form.<br \/>\nSpannung, Wut und Krieg (im K\u00f6rper, in der Beziehung, am Schlachtfeld) sind die Folgen.<\/p>\n<h2>Ausbildung<\/h2>\n<p>Aus der Gmeinschaft heraus ist jeder, der unser Ausbildung und Fortbildung machen m\u00f6chte, herzlich willkommen. Hier in diesem Moment nimmt jeder wieder einen Platz ein &#8211; wir als Lehrer, die anderen als Sch\u00fcler.<\/p>\n<p>In Absprache mit Oskar und Susanne Demmer ist die Ausbildung in Inititatischer Therapie m\u00f6glich. Daf\u00fcr bedarf es eines Vorgespr\u00e4chs, einer Absichtserkl\u00e4rung und deiner Ernsthaftigkeit.<\/p>\n<p><strong>Wegbegleiter<\/strong><\/p>\n<p>Unser therapeutisches Wirken verstehen wir als Wegbegleiter. Falls du dich f\u00fcr eine vertiefe Aus\/Fortbildung interessierst, so ist es f\u00fcr uns eine Ehr dich ein St\u00fcck weit auf deinem Lebensweg begleiten zu d\u00fcrfen.<\/p>\n<p style=\"text-align: center;\">&#8220;Wisse, du stehst immer am Anfang.&#8221;<\/p>\n<p style=\"text-align: left;\">\n<p style=\"text-align: left;\">Fortbildung in Systemischem Familienstellen innerhalb der Ausbildung zum\/r \u00a0Initiatischen TherapeutIn.<br \/>\nAusbildung zum\/r VisionssucheleiterIn.<\/p>\n","protected":false},"excerpt":{"rendered":"<p>&#8220;Psychotherapie &#8211; authentisch und ehrlich &#8211; muss zu Gemeinschaft f\u00fchren, denn Heilung liegt im Gemeinschaftsgeist.&#8221; Marianne Principi Gemeinschaft Unsere Ziele: Es geht uns um . ein gemeinsames Gehen und Zusammenleben in Konfliktlosigkeit . ein ehrliches Interesse am anderen, wie er ist . eine Auseinandersetzung mit den Themen, die im N\u00e4herkommen entstehen . die Liebe, die [&hellip;]<\/p>\n","protected":false},"author":4,"featured_media":752,"parent":31,"menu_order":7,"comment_status":"closed","ping_status":"closed","template":"","meta":{"ngg_post_thumbnail":0},"_links":{"self":[{"href":"https:\/\/www.wahrnehmungsraeume.at\/index.php?rest_route=\/wp\/v2\/pages\/862"}],"collection":[{"href":"https:\/\/www.wahrnehmungsraeume.at\/index.php?rest_route=\/wp\/v2\/pages"}],"about":[{"href":"https:\/\/www.wahrnehmungsraeume.at\/index.php?rest_route=\/wp\/v2\/types\/page"}],"author":[{"embeddable":true,"href":"https:\/\/www.wahrnehmungsraeume.at\/index.php?rest_route=\/wp\/v2\/users\/4"}],"replies":[{"embeddable":true,"href":"https:\/\/www.wahrnehmungsraeume.at\/index.php?rest_route=%2Fwp%2Fv2%2Fcomments&post=862"}],"version-history":[{"count":17,"href":"https:\/\/www.wahrnehmungsraeume.at\/index.php?rest_route=\/wp\/v2\/pages\/862\/revisions"}],"predecessor-version":[{"id":864,"href":"https:\/\/www.wahrnehmungsraeume.at\/index.php?rest_route=\/wp\/v2\/pages\/862\/revisions\/864"}],"up":[{"embeddable":true,"href":"https:\/\/www.wahrnehmungsraeume.at\/index.php?rest_route=\/wp\/v2\/pages\/31"}],"wp:featuredmedia":[{"embeddable":true,"href":"https:\/\/www.wahrnehmungsraeume.at\/index.php?rest_route=\/wp\/v2\/media\/752"}],"wp:attachment":[{"href":"https:\/\/www.wahrnehmungsraeume.at\/index.php?rest_route=%2Fwp%2Fv2%2Fmedia&parent=862"}],"curies":[{"name":"wp","href":"https:\/\/api.w.org\/{rel}","templated":true}]}}