{"id":895,"date":"2014-04-01T07:16:21","date_gmt":"2014-04-01T07:16:21","guid":{"rendered":"http:\/\/www.wahrnehmungsraeume.at\/?page_id=895"},"modified":"2017-04-28T20:15:46","modified_gmt":"2017-04-28T20:15:46","slug":"intitiatische-therapie","status":"publish","type":"page","link":"https:\/\/www.wahrnehmungsraeume.at\/?page_id=895","title":{"rendered":"Intitiatische Therapie"},"content":{"rendered":"<p><strong>Initiation bedeutet Neubeginn \u2013 es bedeutet auch \u201edas Tor zum Geheimen \u00f6ffnen\u201c<\/strong><\/p>\n<p><em>\u201eDie Initiatische Therapie bindet den Menschen in einem fortschreitenden Wandlungsprozess \u2013 im st\u00e4ndigen Abschied und Neubeginn \u2013 an seinen Ursprung, an seine verloren gegangene Ganzheit, wieder an.\u201c<\/em> (D\u00fcrkheim)<\/p>\n<p>Die tiefenpsychologisch fundierte Initiatische Therapie, wurde von Karlfried Graf D\u00fcrckheim und Maria Hippius Gr\u00e4fin D\u00fcrckheim begr\u00fcndet.<\/p>\n<p>Sie beinhaltet nicht nur Therapie im herk\u00f6mmlichen Sinne, sondern versteht sich als spirituelle Wegbegleitung mit dem Ziel, durch Initiation und Individuation, Erlebnis und Wandlung, durchl\u00e4ssiger zu werden f\u00fcr seine wahre Natur.<\/p>\n<p><strong>Die Grundlage stellen sogenannte Seinserfahrungen dar. Das sind Erlebnisse, die jemanden tief in seinem Inneren ergriffen machen. <\/strong><\/p>\n<p>Dies kann im ekstatischen wie auch im schmerzlichen, krisenhaften Erleben geschehen, wie zum Beispiel durch Krankheit, k\u00f6rperliche Symptome.<\/p>\n<p>Die Initiatische Therapie wird in Form von Wochenendeseminaren und Einzelsitzungen angeboten, um auf der Reise nach innen die Pforten der Wahrnehmung zu reinigen und die inneren Sch\u00e4tze zu entdecken: Lebensfreude, tiefe innere Ruhe, Gelassenheit, Friede, Beziehungsf\u00e4higkeit, Liebe.<\/p>\n","protected":false},"excerpt":{"rendered":"<p>Initiation bedeutet Neubeginn \u2013 es bedeutet auch \u201edas Tor zum Geheimen \u00f6ffnen\u201c \u201eDie Initiatische Therapie bindet den Menschen in einem fortschreitenden Wandlungsprozess \u2013 im st\u00e4ndigen Abschied und Neubeginn \u2013 an seinen Ursprung, an seine verloren gegangene Ganzheit, wieder an.\u201c (D\u00fcrkheim) Die tiefenpsychologisch fundierte Initiatische Therapie, wurde von Karlfried Graf D\u00fcrckheim und Maria Hippius Gr\u00e4fin D\u00fcrckheim [&hellip;]<\/p>\n","protected":false},"author":4,"featured_media":0,"parent":0,"menu_order":5,"comment_status":"closed","ping_status":"closed","template":"","meta":{"ngg_post_thumbnail":0},"_links":{"self":[{"href":"https:\/\/www.wahrnehmungsraeume.at\/index.php?rest_route=\/wp\/v2\/pages\/895"}],"collection":[{"href":"https:\/\/www.wahrnehmungsraeume.at\/index.php?rest_route=\/wp\/v2\/pages"}],"about":[{"href":"https:\/\/www.wahrnehmungsraeume.at\/index.php?rest_route=\/wp\/v2\/types\/page"}],"author":[{"embeddable":true,"href":"https:\/\/www.wahrnehmungsraeume.at\/index.php?rest_route=\/wp\/v2\/users\/4"}],"replies":[{"embeddable":true,"href":"https:\/\/www.wahrnehmungsraeume.at\/index.php?rest_route=%2Fwp%2Fv2%2Fcomments&post=895"}],"version-history":[{"count":5,"href":"https:\/\/www.wahrnehmungsraeume.at\/index.php?rest_route=\/wp\/v2\/pages\/895\/revisions"}],"predecessor-version":[{"id":1133,"href":"https:\/\/www.wahrnehmungsraeume.at\/index.php?rest_route=\/wp\/v2\/pages\/895\/revisions\/1133"}],"wp:attachment":[{"href":"https:\/\/www.wahrnehmungsraeume.at\/index.php?rest_route=%2Fwp%2Fv2%2Fmedia&parent=895"}],"curies":[{"name":"wp","href":"https:\/\/api.w.org\/{rel}","templated":true}]}}