{"id":9,"date":"2010-06-02T13:25:01","date_gmt":"2010-06-02T13:25:01","guid":{"rendered":"http:\/\/www.wahrnehmungsraeume.at\/\/wordpress\/?page_id=9"},"modified":"2014-04-01T07:21:01","modified_gmt":"2014-04-01T07:21:01","slug":"grundgedanken","status":"publish","type":"page","link":"https:\/\/www.wahrnehmungsraeume.at\/?page_id=9","title":{"rendered":"Grundgedanken"},"content":{"rendered":"<p><strong>Das Gesundheitsinteresse ist riesengro\u00df, das Gesundheitswissen ist m\u00e4\u00dfig, das Gesundheitsverhalten ist katastrophal. <\/strong><\/p>\n<p>Jede Silvesterumfrage ergibt: Das Wichtigste f\u00fcr die Menschen ist ihre Gesundheit. Das Gesundheitsverhalten der Bev\u00f6lkerung zeigt dazu jedoch eine gro\u00dfe Diskrepanz.<\/p>\n<p>Bert Hellinger, Begr\u00fcnder des Systemischen Familienstellens sagt dazu: Leiden ist leichter als Handeln. Der Weg zum Gl\u00fcck ist steinig und unbekannt, macht zuweilen Angst; der Weg ins Ungl\u00fcck scheint der leichtere und bekannte Weg zu sein. Doch f\u00fchrt er nur allzu oft in die &#8220;normale Depression&#8221;.<\/p>\n<p><strong>Die Normopathie &#8211; Krankheit des Normal-Sein-Wollens. <\/strong><\/p>\n<p>Der\/die Normale orientiert sich an den Erwartungen anderer.<br \/>\nEr\/sie will fit f\u00fcr die gesellschaftlichen Belange und die Anforderungen, die an ihn herangetragen werden, sein. Sie leisten noch mehr, gehen \u00fcber ihre Leistungsgrenzen, f\u00fchlen sich nur allzu oft ausgelaugt, depressiv oder gereizt und aggressiv, &#8230;&#8230; Sie negieren weitgehend ihre Bed\u00fcrfnisse und verleugnen ihr Wesen vor sich und anderen zum Zwecke einer (falschen) Harmonie, um dazuzugeh\u00f6ren &#8211; um geliebt zu werden.<\/p>\n<p>Der Gesunde verwirklicht, der inneren Stimme folgend, was m\u00f6glich ist.<br \/>\nEr sp\u00fcrt, anerkennt und befriedigt seine Bed\u00fcrfnisse, die Grundbed\u00fcrfnisse, wie die nach Nahrung, Schlaf, &#8230;, so wie die h\u00f6heren Bed\u00fcrfnisse nach menschlicher Gemeinschaft, nach Beziehungsf\u00e4higkeit und Liebe, nach dem Wahren, Sch\u00f6nen und Guten, nach dem Dienst an der Gemeinschaft. Er bewegt sich seinem Wesen gem\u00e4\u00df gegenw\u00e4rtig durch die Welt und durch die Zeit, er nimmt seinen Weg als einen pers\u00f6nlichen Weg mit allem, was dazu geh\u00f6rt, und mit dem Sinn, der sich ihm Schritt f\u00fcr Schritt offenbart.<\/p>\n<p><strong>Krankheit wird gemeinhin als Defekt betrachtet, der m\u00f6glichst rasch und schmerzlos \u201erepariert\u201c werden soll. <\/strong><\/p>\n<p>F\u00fcr k\u00f6rperliche \u201eGesundheit\u201c bzw. die schnelle Beseitigung von Symptomen werden demgem\u00e4\u00df auch Betr\u00e4ge in Milliardenh\u00f6he ausgegeben. F\u00fcr die Gesundheit von Geist und Seele wird im Vergleich dazu nur recht wenig ausgegeben, obwohl die Zahl jener, die bereit sind auch hier nachzusehen stetig w\u00e4chst. In Wahrheit aber sind wir ein Ganzes. Es r\u00e4cht sich unweigerlich, wenn wir K\u00f6rper und Geist als getrennt betrachten, unsere Bed\u00fcrfnisse ignorieren und glauben wir w\u00e4ren geheilt nur weil das Symptom (der Schmerz) rasch beseitigt wurde.<\/p>\n<p>Hier finden sie genauere Informationen zu den Themen <a href=\"http:\/\/www.wahrnehmungsraeume.at\/wordpress\/?page_id=10\">Symptom<\/a>, <a href=\"http:\/\/www.wahrnehmungsraeume.at\/wordpress\/?page_id=12\">Initiatische Therapie<\/a> und <a href=\"http:\/\/www.wahrnehmungsraeume.at\/wordpress\/?page_id=14\">Medizinrad<\/a>.<\/p>\n","protected":false},"excerpt":{"rendered":"<p>Das Gesundheitsinteresse ist riesengro\u00df, das Gesundheitswissen ist m\u00e4\u00dfig, das Gesundheitsverhalten ist katastrophal. Jede Silvesterumfrage ergibt: Das Wichtigste f\u00fcr die Menschen ist ihre Gesundheit. Das Gesundheitsverhalten der Bev\u00f6lkerung zeigt dazu jedoch eine gro\u00dfe Diskrepanz. Bert Hellinger, Begr\u00fcnder des Systemischen Familienstellens sagt dazu: Leiden ist leichter als Handeln. Der Weg zum Gl\u00fcck ist steinig und unbekannt, macht [&hellip;]<\/p>\n","protected":false},"author":1,"featured_media":0,"parent":895,"menu_order":1,"comment_status":"closed","ping_status":"closed","template":"","meta":{"ngg_post_thumbnail":0},"_links":{"self":[{"href":"https:\/\/www.wahrnehmungsraeume.at\/index.php?rest_route=\/wp\/v2\/pages\/9"}],"collection":[{"href":"https:\/\/www.wahrnehmungsraeume.at\/index.php?rest_route=\/wp\/v2\/pages"}],"about":[{"href":"https:\/\/www.wahrnehmungsraeume.at\/index.php?rest_route=\/wp\/v2\/types\/page"}],"author":[{"embeddable":true,"href":"https:\/\/www.wahrnehmungsraeume.at\/index.php?rest_route=\/wp\/v2\/users\/1"}],"replies":[{"embeddable":true,"href":"https:\/\/www.wahrnehmungsraeume.at\/index.php?rest_route=%2Fwp%2Fv2%2Fcomments&post=9"}],"version-history":[{"count":15,"href":"https:\/\/www.wahrnehmungsraeume.at\/index.php?rest_route=\/wp\/v2\/pages\/9\/revisions"}],"predecessor-version":[{"id":905,"href":"https:\/\/www.wahrnehmungsraeume.at\/index.php?rest_route=\/wp\/v2\/pages\/9\/revisions\/905"}],"up":[{"embeddable":true,"href":"https:\/\/www.wahrnehmungsraeume.at\/index.php?rest_route=\/wp\/v2\/pages\/895"}],"wp:attachment":[{"href":"https:\/\/www.wahrnehmungsraeume.at\/index.php?rest_route=%2Fwp%2Fv2%2Fmedia&parent=9"}],"curies":[{"name":"wp","href":"https:\/\/api.w.org\/{rel}","templated":true}]}}